{"id":3782,"date":"2024-06-12T08:47:39","date_gmt":"2024-06-12T07:47:39","guid":{"rendered":"https:\/\/www.marbellahomestolove.com\/?page_id=3782"},"modified":"2025-12-22T12:58:10","modified_gmt":"2025-12-22T11:58:10","slug":"politique-de-confidentialite","status":"publish","type":"page","link":"https:\/\/www.marbellahomestolove.com\/fr\/politique-de-confidentialite","title":{"rendered":"POLITIQUE DE CONFIDENTIALIT\u00c9"},"content":{"rendered":"\n<div class=\"wp-block-group has-global-padding is-layout-constrained wp-block-group-is-layout-constrained\">\n<h2 class=\"wp-block-heading has-x-large-font-size\">POLITIQUE DE CONFIDENTIALIT\u00c9<\/h2>\n\n\n\n<h2 class=\"wp-block-heading has-contrast-color has-text-color has-link-color wp-elements-0971ebd0e3bcc3bdd5618e2498b90fde\">1. INFORMATIONS UTILISATEUR<\/h2>\n\n\n\n<p class=\"has-blue-velvet-color has-text-color has-link-color wp-elements-e7713247b01c5620446861bf4497dc9e\"><strong>Qui est le responsable du traitement de vos donn\u00e9es personnelles&nbsp;?<\/strong><\/p>\n\n\n\n<p><strong>HOMES TO LOVE BERNADETTE PRINZ SL<\/strong> est le RESPONSABLE DU TRAITEMENT des donn\u00e9es personnelles de l\u2019UTILISATEUR et l\u2019informe que ces donn\u00e9es seront trait\u00e9es conform\u00e9ment aux dispositions du R\u00e8glement (UE) 2016\/679 du 27 avril (RGPD) et de la Loi Organique 3\/2018 du 5 d\u00e9cembre (LOPDGDD).<\/p>\n\n\n\n<p class=\"has-blue-velvet-color has-text-color has-link-color wp-elements-faa54734727db091ff90b7291f4eefe9\"><strong>Pourquoi traitons-nous vos donn\u00e9es personnelles&nbsp;?<\/strong><\/p>\n\n\n\n<p>Pour maintenir une relation commerciale avec l\u2019utilisateur. Les op\u00e9rations de traitement pr\u00e9vues sont les suivantes&nbsp;:<\/p>\n\n\n\n<ul class=\"mb-5 has-medium-font-size wp-block-list\">\n<li>Envoi de communications publicitaires commerciales par e-mail, fax, SMS, MMS, r\u00e9seaux sociaux ou tout autre moyen \u00e9lectronique ou physique, pr\u00e9sent ou futur, permettant de r\u00e9aliser des communications commerciales. Ces communications seront effectu\u00e9es par le RESPONSABLE DU TRAITEMENT et seront li\u00e9es \u00e0 ses produits et services, ou \u00e0 ceux de ses partenaires ou fournisseurs avec lesquels il a conclu un accord de promotion. Dans ce cas, les tiers n\u2019auront jamais acc\u00e8s aux donn\u00e9es personnelles.<\/li>\n\n\n\n<li>R\u00e9alisation d\u2019\u00e9tudes de march\u00e9 et d\u2019analyses statistiques.<\/li>\n\n\n\n<li>Traitement des commandes, demandes, r\u00e9ponses aux questions ou tout type de requ\u00eate effectu\u00e9e par l\u2019UTILISATEUR via l\u2019un des moyens de contact mis \u00e0 disposition sur le site web du RESPONSABLE DU TRAITEMENT.<\/li>\n\n\n\n<li>Envoi de la newsletter en ligne concernant les actualit\u00e9s, offres et promotions de notre activit\u00e9.<\/li>\n<\/ul>\n\n\n\n<div style=\"height:25px\" aria-hidden=\"true\" class=\"wp-block-spacer\"><\/div>\n\n\n\n<p class=\"has-blue-velvet-color has-text-color has-link-color wp-elements-c0e4aa52f6a13d4b796a00ef6d09dd65\"><strong>Pourquoi pouvons-nous traiter vos donn\u00e9es personnelles&nbsp;?<\/strong><\/p>\n\n\n\n<p>Parce que le traitement est l\u00e9gitim\u00e9 par l\u2019article 6 du RGPD comme suit&nbsp;:<\/p>\n\n\n\n<ul class=\"has-medium-font-size wp-block-list\">\n<li>Avec le consentement de l\u2019UTILISATEUR&nbsp;: envoi de communications commerciales et de la newsletter.<\/li>\n\n\n\n<li>Dans l\u2019int\u00e9r\u00eat l\u00e9gitime du RESPONSABLE DU TRAITEMENT&nbsp;: r\u00e9alisation d\u2019\u00e9tudes de march\u00e9, d\u2019analyses statistiques, etc., et traitement des commandes, demandes, etc., \u00e0 la demande de l\u2019UTILISATEUR.<\/li>\n<\/ul>\n\n\n\n<div style=\"height:25px\" aria-hidden=\"true\" class=\"wp-block-spacer\"><\/div>\n\n\n\n<p class=\"has-blue-velvet-color has-text-color has-link-color wp-elements-99072556ea04270ef8ad87c9fb703b8a\"><strong>Combien de temps conserverons-nous vos donn\u00e9es personnelles&nbsp;?<\/strong><\/p>\n\n\n\n<p>Les donn\u00e9es seront conserv\u00e9es uniquement pendant la dur\u00e9e n\u00e9cessaire au maintien de la finalit\u00e9 du traitement ou pendant les d\u00e9lais l\u00e9gaux imposant leur conservation. Lorsque cette finalit\u00e9 ne sera plus n\u00e9cessaire, les donn\u00e9es seront supprim\u00e9es avec des mesures de s\u00e9curit\u00e9 appropri\u00e9es garantissant leur anonymisation ou leur destruction totale.<\/p>\n\n\n\n<p class=\"has-blue-velvet-color has-text-color has-link-color wp-elements-c2c0031f4e1ee4d7d035eff5594c08fe\"><strong>\u00c0 qui communiquons-nous vos donn\u00e9es personnelles&nbsp;?<\/strong><\/p>\n\n\n\n<p>Aucune communication de donn\u00e9es personnelles \u00e0 des tiers n\u2019est pr\u00e9vue, sauf si cela est n\u00e9cessaire au d\u00e9veloppement et \u00e0 l\u2019ex\u00e9cution des finalit\u00e9s du traitement, \u00e0 nos prestataires de services li\u00e9s aux communications, avec lesquels le RESPONSABLE DU TRAITEMENT a sign\u00e9 les contrats de confidentialit\u00e9 et de sous-traitance requis par la r\u00e9glementation actuelle en mati\u00e8re de protection des donn\u00e9es.<\/p>\n\n\n\n<p class=\"has-blue-velvet-color has-text-color has-link-color wp-elements-75c52710b6a269bf47ec0683bd7498d3\"><strong>Quels sont vos droits&nbsp;?<\/strong><\/p>\n\n\n\n<p>Les droits de l\u2019UTILISATEUR sont&nbsp;:<\/p>\n\n\n\n<ul class=\"has-medium-font-size wp-block-list\">\n<li>Droit de retirer le consentement \u00e0 tout moment.<\/li>\n\n\n\n<li>Droit d\u2019acc\u00e8s, de rectification, de portabilit\u00e9 et d\u2019effacement de vos donn\u00e9es, ainsi que le droit \u00e0 la limitation ou \u00e0 l\u2019opposition \u00e0 leur traitement.<\/li>\n\n\n\n<li>Droit d\u2019introduire une r\u00e9clamation aupr\u00e8s de l\u2019Autorit\u00e9 de contr\u00f4le espagnole (www.aepd.es) si vous consid\u00e9rez que le traitement ne respecte pas la l\u00e9gislation en vigueur.<\/li>\n<\/ul>\n\n\n\n<div style=\"height:25px\" aria-hidden=\"true\" class=\"wp-block-spacer\"><\/div>\n\n\n\n<p class=\"has-contrast-color has-text-color has-link-color wp-elements-464de9c30925b6d9eeccc0ebddbc3f40\"><strong>Coordonn\u00e9es pour l\u2019exercice des droits&nbsp;:<\/strong><\/p>\n\n\n\n<p>HOMES TO LOVE BERNADETTE PRINZ SL. URBANIZACI\u00d3N MARBELLA HILL CLUB FASE 1, MARBELLA HILL VILLAGE S4, &#8211; 29602 Marbella (M\u00e1laga). E-mail&nbsp;: info@marbellahomestolove.com <strong>Coordonn\u00e9es du d\u00e9l\u00e9gu\u00e9 \u00e0 la protection des donn\u00e9es&nbsp;:<\/strong> LEXDATOS SOLUTIONS SL, Av. Sanl\u00facar la Mayor, 1, Esc. 1, Plt. 1 Ofic. 6., 41110 Bollullos de la Mitaci\u00f3n &#8211; info@lexdatos.es<\/p>\n\n\n\n<h2 class=\"wp-block-heading has-contrast-color has-text-color has-link-color wp-elements-bfbcc46c1ac8ec1744bf77a60f7f50f5\">2. CARACT\u00c8RE OBLIGATOIRE OU FACULTATIF DES INFORMATIONS FOURNIES PAR L\u2019UTILISATEUR<\/h2>\n\n\n\n<p>Les UTILISATEURS, en cochant les cases correspondantes et en saisissant les donn\u00e9es dans les champs marqu\u00e9s d\u2019un ast\u00e9risque (*) dans le formulaire de contact ou les formulaires de t\u00e9l\u00e9chargement, acceptent express\u00e9ment et librement que leurs donn\u00e9es soient n\u00e9cessaires pour que le prestataire puisse r\u00e9pondre \u00e0 leur demande, en fournissant volontairement leurs donn\u00e9es dans les autres champs. L\u2019UTILISATEUR garantit que les donn\u00e9es personnelles fournies au RESPONSABLE DU TRAITEMENT sont exactes et s\u2019engage \u00e0 communiquer toute modification de celles-ci. Le RESPONSABLE DU TRAITEMENT informe que toutes les donn\u00e9es demand\u00e9es via le site web sont obligatoires, car elles sont n\u00e9cessaires pour fournir un service optimal \u00e0 l\u2019UTILISATEUR. En cas de non-fourniture de toutes les donn\u00e9es, il n\u2019est pas garanti que les informations et services propos\u00e9s soient enti\u00e8rement adapt\u00e9s aux besoins de l\u2019Utilisateur.<\/p>\n\n\n\n<h2 class=\"wp-block-heading has-contrast-color has-text-color has-link-color wp-elements-8791857984ff4cd9e19aa1643d647fb8\">3. MESURES DE S\u00c9CURIT\u00c9<\/h2>\n\n\n\n<p>Conform\u00e9ment aux dispositions de la r\u00e9glementation en vigueur en mati\u00e8re de protection des donn\u00e9es personnelles, le RESPONSABLE DU TRAITEMENT respecte l\u2019ensemble des dispositions du RGPD et de la LOPDGDD pour le traitement des donn\u00e9es personnelles dont il est responsable, et applique de mani\u00e8re manifeste les principes \u00e9nonc\u00e9s \u00e0 l\u2019article 5 du RGPD, selon lesquels les donn\u00e9es sont trait\u00e9es de mani\u00e8re licite, loyale et transparente \u00e0 l\u2019\u00e9gard de la personne concern\u00e9e, et de mani\u00e8re ad\u00e9quate, pertinente et limit\u00e9e \u00e0 ce qui est n\u00e9cessaire au regard des finalit\u00e9s pour lesquelles elles sont trait\u00e9es.<\/p>\n\n\n\n<p>Le RESPONSABLE DU TRAITEMENT garantit que toutes les politiques techniques et organisationnelles appropri\u00e9es ont \u00e9t\u00e9 mises en \u0153uvre afin d\u2019appliquer les mesures de s\u00e9curit\u00e9 \u00e9tablies par le RGPD et la LOPDGDD, dans le but de prot\u00e9ger les droits et libert\u00e9s des UTILISATEURS, et qu\u2019il a communiqu\u00e9 les informations n\u00e9cessaires pour leur permettre de les exercer.<\/p>\n\n\n\n<p>Pour plus d\u2019informations sur les garanties de confidentialit\u00e9, vous pouvez contacter le RESPONSABLE DU TRAITEMENT via HOMES TO LOVE BERNADETTE PRINZ SL. URBANIZACI\u00d3N MARBELLA HILL CLUB FASE 1, MARBELLA HILL VILLAGE S4, &#8211; 29602 Marbella (M\u00e1laga). E-mail&nbsp;: info@marbellahomestolove.com <strong>Coordonn\u00e9es du d\u00e9l\u00e9gu\u00e9 \u00e0 la protection des donn\u00e9es&nbsp;:<\/strong> LEXDATOS SOLUTIONS SL, Av. Sanl\u00facar la Mayor, 1, Esc. 1, Plt. 1 Ofic. 6., 41110 Bollullos de la Mitaci\u00f3n &#8211; info@lexdatos.es<\/p>\n\n\n\n<div style=\"height:50px\" aria-hidden=\"true\" class=\"wp-block-spacer\"><\/div>\n<\/div>\n","protected":false},"excerpt":{"rendered":"<p>POLITIQUE DE CONFIDENTIALIT\u00c9 1. INFORMATIONS UTILISATEUR Qui est le responsable du traitement de vos donn\u00e9es personnelles&nbsp;? HOMES TO LOVE BERNADETTE PRINZ SL est le RESPONSABLE DU TRAITEMENT des donn\u00e9es personnelles de l\u2019UTILISATEUR et l\u2019informe que ces donn\u00e9es seront trait\u00e9es conform\u00e9ment aux dispositions du R\u00e8glement (UE) 2016\/679 du 27 avril (RGPD) et de la Loi Organique [&hellip;]<\/p>\n","protected":false},"author":5,"featured_media":0,"parent":0,"menu_order":0,"comment_status":"closed","ping_status":"closed","template":"solid-header","meta":{"_acf_changed":false,"footnotes":""},"class_list":["post-3782","page","type-page","status-publish","hentry"],"acf":[],"_links":{"self":[{"href":"https:\/\/www.marbellahomestolove.com\/fr\/wp-json\/wp\/v2\/pages\/3782","targetHints":{"allow":["GET"]}}],"collection":[{"href":"https:\/\/www.marbellahomestolove.com\/fr\/wp-json\/wp\/v2\/pages"}],"about":[{"href":"https:\/\/www.marbellahomestolove.com\/fr\/wp-json\/wp\/v2\/types\/page"}],"author":[{"embeddable":true,"href":"https:\/\/www.marbellahomestolove.com\/fr\/wp-json\/wp\/v2\/users\/5"}],"replies":[{"embeddable":true,"href":"https:\/\/www.marbellahomestolove.com\/fr\/wp-json\/wp\/v2\/comments?post=3782"}],"version-history":[{"count":1,"href":"https:\/\/www.marbellahomestolove.com\/fr\/wp-json\/wp\/v2\/pages\/3782\/revisions"}],"predecessor-version":[{"id":5626,"href":"https:\/\/www.marbellahomestolove.com\/fr\/wp-json\/wp\/v2\/pages\/3782\/revisions\/5626"}],"wp:attachment":[{"href":"https:\/\/www.marbellahomestolove.com\/fr\/wp-json\/wp\/v2\/media?parent=3782"}],"curies":[{"name":"wp","href":"https:\/\/api.w.org\/{rel}","templated":true}]}}