{"id":3777,"date":"2024-06-06T09:11:56","date_gmt":"2024-06-06T08:11:56","guid":{"rendered":"https:\/\/www.marbellahomestolove.com\/?page_id=3777"},"modified":"2025-12-22T11:03:27","modified_gmt":"2025-12-22T10:03:27","slug":"cookies-policy","status":"publish","type":"page","link":"https:\/\/www.marbellahomestolove.com\/fr\/cookies-policy","title":{"rendered":"Cookies Policy"},"content":{"rendered":"\n<div class=\"wp-block-group has-global-padding is-layout-constrained wp-container-core-group-is-layout-c9115f92 wp-block-group-is-layout-constrained\" style=\"padding-right:var(--wp--preset--spacing--20);padding-left:var(--wp--preset--spacing--20)\">\n<h1 class=\"wp-block-heading\">Politique de cookies<\/h1>\n\n\n\n<h2 class=\"wp-block-heading has-contrast-color has-text-color has-link-color wp-elements-13d310e8fc7d6e66663085247892f0ef\">INFORMATIONS SUR LES COOKIES<\/h2>\n\n\n\n<p>Conform\u00e9ment \u00e0 la loi 34\/2002 du 11 juillet sur les services de la soci\u00e9t\u00e9 de l\u2019information et le commerce \u00e9lectronique (LSSI), en relation avec le R\u00e8glement (UE) 2016\/679 du Parlement europ\u00e9en et du Conseil du 27 avril<br>2016, relatif \u00e0 la protection des donn\u00e9es (RGPD) et \u00e0 la Loi organique 3\/2018 du 5 d\u00e9cembre sur la protection des donn\u00e9es et la garantie des droits num\u00e9riques (LOPDGDD), il est obligatoire d\u2019obtenir le consentement expr\u00e8s de l\u2019utilisateur de toutes les pages web qui utilisent des cookies non indispensables, avant de naviguer sur celles-ci.<\/p>\n\n\n\n<h2 class=\"wp-block-heading has-contrast-color has-text-color has-link-color wp-elements-4da8008d7596689be1c86cd2741cfc0a\">QUE SONT LES COOKIES&nbsp;?<\/h2>\n\n\n\n<p>Les cookies et autres technologies similaires telles que les objets partag\u00e9s locaux, les cookies flash ou les pixels sont des outils utilis\u00e9s par les serveurs Web pour stocker et r\u00e9cup\u00e9rer des informations sur leurs visiteurs, ainsi que pour permettre le bon fonctionnement<br>du site.<\/p>\n\n\n\n<p>Gr\u00e2ce \u00e0 l\u2019utilisation de ces dispositifs, le serveur Web est en mesure de m\u00e9moriser certaines donn\u00e9es concernant l\u2019utilisateur, telles que ses pr\u00e9f\u00e9rences d\u2019affichage des pages du serveur, son nom et son mot de passe, les produits qui l\u2019int\u00e9ressent le plus,<br>etc.<\/p>\n\n\n\n<h2 class=\"wp-block-heading has-contrast-color has-text-color has-link-color wp-elements-4a3baf2d5fda3a32de5a2a349cc13e05\"><em>COOKIES <\/em>SOUMIS \u00c0 LA R\u00c9GLEMENTATION ET COOKIES EXEMPT\u00c9S<\/h2>\n\n\n\n<p>Selon la directive europ\u00e9enne, les cookies qui n\u00e9cessitent le consentement \u00e9clair\u00e9 de l\u2019utilisateur sont les cookies d\u2019analyse, de publicit\u00e9 et d\u2019affiliation, tandis que les cookies techniques et ceux n\u00e9cessaires au fonctionnement du site web ou \u00e0 la fourniture de services express\u00e9ment demand\u00e9s par l\u2019utilisateur sont exempt\u00e9s.<\/p>\n\n\n\n<h2 class=\"wp-block-heading has-contrast-color has-text-color has-link-color wp-elements-4d9b941f4303e10ebc0d98ef3196f828\">TYPES DE COOKIES<\/h2>\n\n\n\n<p class=\"has-blue-velvet-color has-text-color has-link-color wp-elements-abd74e98d64b2c0c2426b69fdc029f76\"><strong>SELON LA FINALIT\u00c9<\/strong><\/p>\n\n\n\n<ul class=\"wp-block-list has-medium-font-size\">\n<li><strong>Cookies techniques et fonctionnels&nbsp;:<\/strong> permettent \u00e0 l\u2019utilisateur de naviguer sur un site web, une plateforme ou une application et d\u2019utiliser les diff\u00e9rentes options ou services qui y sont propos\u00e9s.<\/li>\n\n\n\n<li><strong>Cookies d\u2019analyse&nbsp;:<\/strong> permettent au responsable de suivre et d\u2019analyser le comportement des utilisateurs des sites web auxquels ils sont li\u00e9s. Les informations collect\u00e9es par ce type de cookies sont utilis\u00e9es pour mesurer l\u2019activit\u00e9 des sites web, applications ou plateformes et pour \u00e9tablir des profils de navigation des utilisateurs de ces sites, applications et plateformes, afin d\u2019introduire des am\u00e9liorations dans l\u2019analyse des donn\u00e9es d\u2019utilisation.<\/li>\n\n\n\n<li><strong>Cookies publicitaires&nbsp;:<\/strong> permettent de g\u00e9rer, de la mani\u00e8re la plus efficace possible, les espaces publicitaires que, le cas \u00e9ch\u00e9ant, l\u2019\u00e9diteur a inclus sur un site web, une application ou une plateforme \u00e0 partir de laquelle le service demand\u00e9 est fourni, sur la base de donn\u00e9es telles que le contenu \u00e9dit\u00e9 ou la fr\u00e9quence d\u2019affichage des annonces.<\/li>\n\n\n\n<li><strong>Cookies de publicit\u00e9 comportementale&nbsp;:<\/strong> collectent des informations sur les pr\u00e9f\u00e9rences et choix personnels de l\u2019utilisateur (retargeting) afin de permettre la gestion, de la mani\u00e8re la plus efficace possible, des espaces publicitaires que, le cas \u00e9ch\u00e9ant, l\u2019\u00e9diteur a inclus sur un site web, une application ou une plateforme \u00e0 partir de laquelle le service demand\u00e9 est fourni.<\/li>\n\n\n\n<li><strong>Cookies sociaux&nbsp;:<\/strong> sont \u00e9tablis par les plateformes de r\u00e9seaux sociaux dans les services afin de permettre le partage de contenus avec des amis et des r\u00e9seaux. Les plateformes de r\u00e9seaux sociaux ont la capacit\u00e9 de suivre l\u2019activit\u00e9 en ligne en dehors des services. Cela peut affecter le contenu et les messages affich\u00e9s dans d\u2019autres services utilis\u00e9s.<\/li>\n\n\n\n<li><strong>Cookies d\u2019affiliation&nbsp;:<\/strong> permettent de suivre les visites via des liens provenant d\u2019autres sites web avec lesquels le site \u00e9tablit des accords d\u2019affiliation (entreprises affili\u00e9es).<\/li>\n\n\n\n<li><strong>Cookies de s\u00e9curit\u00e9&nbsp;:<\/strong> stockent des informations chiffr\u00e9es afin d\u2019\u00e9viter que les donn\u00e9es qu\u2019ils contiennent ne soient vuln\u00e9rables \u00e0 des attaques malveillantes de tiers.<\/li>\n<\/ul>\n\n\n\n<div style=\"height:25px\" aria-hidden=\"true\" class=\"wp-block-spacer\"><\/div>\n\n\n\n<p class=\"has-blue-velvet-color has-text-color has-link-color wp-elements-451241982c290c5d03a2e65357f1e9a6\"><strong>SELON LA PROPRI\u00c9T\u00c9<\/strong><\/p>\n\n\n\n<ul class=\"wp-block-list has-medium-font-size\">\n<li><strong>Cookies <em>propres<\/em>&nbsp;:<\/strong> sont envoy\u00e9s au terminal de l\u2019utilisateur depuis un \u00e9quipement ou un domaine g\u00e9r\u00e9 par l\u2019\u00e9diteur lui-m\u00eame et \u00e0 partir duquel le service demand\u00e9 par l\u2019utilisateur est fourni.<\/li>\n\n\n\n<li><strong>Cookies de tiers&nbsp;:<\/strong> sont envoy\u00e9s au terminal de l\u2019utilisateur depuis un \u00e9quipement ou un domaine qui n\u2019est pas g\u00e9r\u00e9 par l\u2019\u00e9diteur, mais par une autre entit\u00e9 qui traite les donn\u00e9es obtenues via les cookies.<\/li>\n<\/ul>\n\n\n\n<div style=\"height:25px\" aria-hidden=\"true\" class=\"wp-block-spacer\"><\/div>\n\n\n\n<p class=\"has-blue-velvet-color has-text-color has-link-color wp-elements-e534d167b8eb1a51663dc2668a6467cd\"><strong>SELON LA DUR\u00c9E DE CONSERVATION<\/strong><\/p>\n\n\n\n<ul class=\"wp-block-list has-medium-font-size\">\n<li><strong>Cookies de session&nbsp;:<\/strong> sont un type de cookies con\u00e7us pour collecter et stocker des donn\u00e9es pendant que l\u2019utilisateur acc\u00e8de \u00e0 un site web.<\/li>\n\n\n\n<li><strong>Cookies permanents&nbsp;:<\/strong> sont un type de cookies pour lesquels les donn\u00e9es restent stock\u00e9es sur le terminal et peuvent \u00eatre consult\u00e9es et trait\u00e9es pendant une p\u00e9riode d\u00e9finie par le responsable du cookie, allant de quelques minutes \u00e0 plusieurs ann\u00e9es.<\/li>\n<\/ul>\n\n\n\n<h2 class=\"wp-block-heading has-contrast-color has-text-color has-link-color wp-elements-b90d8b58653b991eb5515ba00d3229e8\">TRAITEMENT DES DONN\u00c9ES PERSONNELLES<\/h2>\n\n\n\n<p>HOMES TO LOVE BERNADETTE PRINZ SL est le responsable du traitement des donn\u00e9es personnelles de la personne concern\u00e9e et l\u2019informe que ces donn\u00e9es seront trait\u00e9es conform\u00e9ment aux dispositions du R\u00e8glement (UE) 2016\/679 du 27 avril 2016 (RGPD). Les informations suivantes relatives au traitement sont donc fournies&nbsp;:<\/p>\n\n\n\n<p><strong>Finalit\u00e9s du traitement des donn\u00e9es&nbsp;:<\/strong> telles que sp\u00e9cifi\u00e9es dans la section relative aux cookies utilis\u00e9s sur ce site web.<\/p>\n\n\n\n<p><strong>Base juridique du traitement&nbsp;:<\/strong> sauf dans les cas o\u00f9 cela est n\u00e9cessaire \u00e0 la navigation sur le web, le traitement repose sur le consentement de la personne concern\u00e9e (art. 6.1.a RGPD).<\/p>\n\n\n\n<p><strong>Crit\u00e8res de conservation des donn\u00e9es&nbsp;:<\/strong> tels que sp\u00e9cifi\u00e9s dans la section relative aux cookies utilis\u00e9s sur le site web.<\/p>\n\n\n\n<p><strong>Communication des donn\u00e9es&nbsp;:<\/strong> les donn\u00e9es ne seront pas communiqu\u00e9es \u00e0 des tiers, sauf pour les cookies appartenant \u00e0 des tiers ou en cas d\u2019obligation l\u00e9gale.<\/p>\n\n\n\n<p><strong>Droits de la personne concern\u00e9e&nbsp;:<\/strong><\/p>\n\n\n\n<p>&#8211; Droit de retirer son consentement \u00e0 tout moment.<\/p>\n\n\n\n<p>&#8211; Droit d\u2019acc\u00e8s, de rectification, de portabilit\u00e9 et d\u2019effacement des donn\u00e9es, ainsi que de limitation ou d\u2019opposition \u00e0 leur traitement.<\/p>\n\n\n\n<p>&#8211; Droit d\u2019introduire une r\u00e9clamation aupr\u00e8s de l\u2019autorit\u00e9 de contr\u00f4le espagnole (www.aepd.es) si vous estimez que le traitement n\u2019est pas conforme \u00e0 la l\u00e9gislation en vigueur.<\/p>\n\n\n\n<p><strong>Coordonn\u00e9es pour exercer vos droits&nbsp;:<\/strong><\/p>\n\n\n\n<p>HOMES TO LOVE BERNADETTE PRINZ SL. URBANIZACI\u00d3N MARBELLA HILL CLUB FASE 1, MARBELLA HILL VILLAGE S4, -29602 Marbella (M\u00e1laga). E-mail&nbsp;: info@marbellahomestolove.com<\/p>\n\n\n\n<p><strong>Coordonn\u00e9es du d\u00e9l\u00e9gu\u00e9 \u00e0 la protection des donn\u00e9es&nbsp;:<\/strong> LEXDATOS SOLUTIONS SL, Av. Sanl\u00facar la Mayor, 1, Esc. 1, Plt. 1 Ofic. 6., 41110 Bollullos de la Mitaci\u00f3n &#8211; info@lexdatosolutions.com<\/p>\n\n\n\n<h2 class=\"wp-block-heading has-contrast-color has-text-color has-link-color wp-elements-b892901d2c7675a268a39983df96a1ca\">COOKIES UTILIS\u00c9S SUR CE SITE WEB<\/h2>\n\n\n\n<p class=\"has-blue-velvet-color has-text-color has-link-color wp-elements-ec37015570db75beb86010b934cb2d59\"><strong>COOKIES CONTR\u00d4L\u00c9S PAR L\u2019\u00c9DITEUR<\/strong><\/p>\n\n\n\n<p>Aucun cookie contr\u00f4l\u00e9 par l\u2019\u00e9diteur n\u2019est install\u00e9<\/p>\n\n\n\n<p class=\"has-blue-velvet-color has-text-color has-link-color wp-elements-f0fcd9dac5596348bc5c9f6e01580aa3\"><strong>COOKIES DE TIERS<\/strong><\/p>\n\n\n\n<p>Les services de tiers \u00e9chappent au contr\u00f4le de l\u2019\u00e9diteur. Les fournisseurs peuvent \u00e0 tout moment modifier leurs conditions de service, la finalit\u00e9 et l\u2019utilisation des cookies, etc. Fournisseurs externes de ce site web&nbsp;: aucun cookie contr\u00f4l\u00e9 par des tiers n\u2019est install\u00e9.<\/p>\n\n\n\n<p class=\"has-blue-velvet-color has-text-color has-link-color wp-elements-9925516a2ff258a8773a8f8ed9b6fcef\"><strong>PANNEAU DE CONFIGURATION DES COOKIES<\/strong><\/p>\n\n\n\n<p>Depuis ce panneau, l\u2019utilisateur pourra configurer les cookies que le site web peut installer dans son navigateur, \u00e0 l\u2019exception des cookies techniques ou fonctionnels n\u00e9cessaires \u00e0 la navigation et \u00e0 l\u2019utilisation des diff\u00e9rentes options ou services propos\u00e9s.<\/p>\n\n\n<p><script type=\"text\/javascript\" charset=\"UTF-8\" data-cookiescriptreport=\"report\" src=\"\/\/report.cookie-script.com\/r\/8a0995f1c8f3069c5005d8b4db3ab034.js\"><\/script><br \/>\n<button class=\"csconsentlink\">Param\u00e8tres des cookies<\/button><\/p>\n\n\n\n<p class=\"has-blue-velvet-color has-text-color has-link-color wp-elements-72ae6e113bd4ee2b57c2e5c363594458\"><strong>COMMENT G\u00c9RER LES COOKIES DEPUIS VOTRE NAVIGATEUR<\/strong><\/p>\n\n\n\n<figure class=\"wp-block-table\"><table><tbody><tr><td><strong>Supprimer les cookies de votre appareil<\/strong><\/td><td>Les cookies d\u00e9j\u00e0 pr\u00e9sents sur un appareil peuvent \u00eatre supprim\u00e9s en effa\u00e7ant l\u2019historique du navigateur, ce qui supprimera les cookies de tous les sites visit\u00e9s. Toutefois, certaines informations enregistr\u00e9es (par exemple, les donn\u00e9es de connexion ou les pr\u00e9f\u00e9rences du site web) peuvent \u00e9galement \u00eatre perdues.<\/td><\/tr><tr><td><strong>G\u00e9rer les cookies sp\u00e9cifiques \u00e0 un site<\/strong><\/td><td>Pour un contr\u00f4le plus pr\u00e9cis des cookies sp\u00e9cifiques \u00e0 un site, les utilisateurs peuvent ajuster les param\u00e8tres de confidentialit\u00e9 et de cookies dans leur navigateur.<\/td><\/tr><tr><td><strong>Bloquer les cookies<\/strong><\/td><td>Bien que la plupart des navigateurs modernes puissent \u00eatre configur\u00e9s pour emp\u00eacher l\u2019installation de cookies sur un appareil, cela peut n\u00e9cessiter un ajustement manuel de certaines pr\u00e9f\u00e9rences \u00e0 chaque visite d\u2019un site ou d\u2019une page. De plus, certains services et fonctionnalit\u00e9s peuvent ne pas fonctionner correctement (par exemple, les connexions aux profils).<\/td><\/tr><\/tbody><\/table><\/figure>\n\n\n\n<div style=\"height:25px\" aria-hidden=\"true\" class=\"wp-block-spacer\"><\/div>\n\n\n\n<p class=\"has-blue-velvet-color has-text-color has-link-color wp-elements-43ae689a64c686562c06134fdbfbed2f\"><strong>COMMENT SUPPRIMER LES COOKIES DES NAVIGATEURS LES PLUS COURANTS<\/strong><\/p>\n\n\n\n<figure class=\"wp-block-table\"><table><tbody><tr><td><strong>Chrome<\/strong><\/td><td><a href=\"http:\/\/support.google.com\/chrome\/answer\/95647?hl=es\" target=\"_blank\" rel=\"noreferrer noopener\">https:\/\/support.google.com\/chrome\/answer\/95647?hl=es<\/a><\/td><\/tr><tr><td><strong>Edge<\/strong><\/td><td><a href=\"https:\/\/support.microsoft.com\/es-es\/microsoft-edge\/eliminar-las-cookies-en-microsoft-edge-63947406-40ac-c3b8-57b9-2a946a29ae09\" target=\"_blank\" rel=\"noopener\">https:\/\/support.microsoft.com\/es-es\/microsoft-edge\/eliminar-las-cookies-en-microsoft-edge-63947406-40ac-c3b8-57b9-2a946a29ae09<\/a><\/td><\/tr><tr><td><strong>Explorer<\/strong><\/td><td><a href=\"https:\/\/support.microsoft.com\/es-es\/help\/278835\/how-to-delete-cookie-files-in-internet-explorer\" target=\"_blank\" rel=\"noreferrer noopener\">https:\/\/support.microsoft.com\/es-es\/help\/278835\/how-to-delete-cookie-files-in-internet-explorer<\/a><\/td><\/tr><tr><td><strong>Firefox<\/strong><\/td><td><a href=\"https:\/\/www.mozilla.org\/es-ES\/privacy\/websites\/#cookies\" target=\"_blank\" rel=\"noopener\">https:\/\/www.mozilla.org\/es-ES\/privacy\/websites\/#cookies<\/a><\/td><\/tr><tr><td><strong>Safari<\/strong><\/td><td><a href=\"https:\/\/support.apple.com\/es-es\/guide\/safari\/sfri11471\/mac\" target=\"_blank\" rel=\"noopener\">https:\/\/support.apple.com\/es-es\/guide\/safari\/sfri11471\/mac<\/a><\/td><\/tr><tr><td><strong>Opera<\/strong><\/td><td><a href=\"https:\/\/help.opera.com\/en\/latest\/security-and-privacy\/#clearBrowsingData\" target=\"_blank\" rel=\"noreferrer noopener\">https:\/\/help.opera.com\/en\/latest\/security-and-privacy\/#clearBrowsingData<\/a><\/td><\/tr><\/tbody><\/table><\/figure>\n\n\n\n<div style=\"height:50px\" aria-hidden=\"true\" class=\"wp-block-spacer\"><\/div>\n<\/div>\n","protected":false},"excerpt":{"rendered":"<p>Politique de cookies INFORMATIONS SUR LES COOKIES Conform\u00e9ment \u00e0 la loi 34\/2002 du 11 juillet sur les services de la soci\u00e9t\u00e9 de l\u2019information et le commerce \u00e9lectronique (LSSI), en relation avec le R\u00e8glement (UE) 2016\/679 du Parlement europ\u00e9en et du Conseil du 27 avril2016, relatif \u00e0 la protection des donn\u00e9es (RGPD) et \u00e0 la Loi [&hellip;]<\/p>\n","protected":false},"author":5,"featured_media":0,"parent":0,"menu_order":0,"comment_status":"closed","ping_status":"closed","template":"solid-header","meta":{"_acf_changed":false,"footnotes":""},"class_list":["post-3777","page","type-page","status-publish","hentry"],"acf":[],"_links":{"self":[{"href":"https:\/\/www.marbellahomestolove.com\/fr\/wp-json\/wp\/v2\/pages\/3777","targetHints":{"allow":["GET"]}}],"collection":[{"href":"https:\/\/www.marbellahomestolove.com\/fr\/wp-json\/wp\/v2\/pages"}],"about":[{"href":"https:\/\/www.marbellahomestolove.com\/fr\/wp-json\/wp\/v2\/types\/page"}],"author":[{"embeddable":true,"href":"https:\/\/www.marbellahomestolove.com\/fr\/wp-json\/wp\/v2\/users\/5"}],"replies":[{"embeddable":true,"href":"https:\/\/www.marbellahomestolove.com\/fr\/wp-json\/wp\/v2\/comments?post=3777"}],"version-history":[{"count":1,"href":"https:\/\/www.marbellahomestolove.com\/fr\/wp-json\/wp\/v2\/pages\/3777\/revisions"}],"predecessor-version":[{"id":5617,"href":"https:\/\/www.marbellahomestolove.com\/fr\/wp-json\/wp\/v2\/pages\/3777\/revisions\/5617"}],"wp:attachment":[{"href":"https:\/\/www.marbellahomestolove.com\/fr\/wp-json\/wp\/v2\/media?parent=3777"}],"curies":[{"name":"wp","href":"https:\/\/api.w.org\/{rel}","templated":true}]}}