{"id":3565,"date":"2024-06-12T08:40:49","date_gmt":"2024-06-12T07:40:49","guid":{"rendered":"https:\/\/marbellahomestolove.com\/?page_id=3565"},"modified":"2026-04-07T12:15:09","modified_gmt":"2026-04-07T11:15:09","slug":"a-propos-de-nous","status":"publish","type":"page","link":"https:\/\/www.marbellahomestolove.com\/fr\/a-propos-de-nous","title":{"rendered":"\u00c0 propos de nous"},"content":{"rendered":"\n<div class=\"wp-block-cover is-light\" style=\"min-height:60vh;aspect-ratio:unset;\"><img loading=\"lazy\" decoding=\"async\" width=\"2560\" height=\"1707\" class=\"wp-block-cover__image-background wp-image-5892 size-full\" alt=\"\" src=\"https:\/\/www.marbellahomestolove.com\/wp-content\/uploads\/2026\/01\/untitled-design-32-scaled.png\" data-object-fit=\"cover\" srcset=\"https:\/\/www.marbellahomestolove.com\/wp-content\/uploads\/2026\/01\/untitled-design-32-scaled.png 2560w, https:\/\/www.marbellahomestolove.com\/wp-content\/uploads\/2026\/01\/untitled-design-32-1024x683.png 1024w, https:\/\/www.marbellahomestolove.com\/wp-content\/uploads\/2026\/01\/untitled-design-32-1920x1280.png 1920w, https:\/\/www.marbellahomestolove.com\/wp-content\/uploads\/2026\/01\/untitled-design-32-768x512.png 768w, https:\/\/www.marbellahomestolove.com\/wp-content\/uploads\/2026\/01\/untitled-design-32-1536x1024.png 1536w, https:\/\/www.marbellahomestolove.com\/wp-content\/uploads\/2026\/01\/untitled-design-32-2048x1365.png 2048w\" sizes=\"auto, (max-width: 2560px) 100vw, 2560px\" \/><span aria-hidden=\"true\" class=\"wp-block-cover__background has-background-dim-0 has-background-dim\" style=\"background-color:#b8b6b9\"><\/span><div class=\"wp-block-cover__inner-container has-global-padding is-layout-constrained wp-block-cover-is-layout-constrained\">\n<p class=\"has-text-align-left has-base-color has-text-color has-link-color has-body-2-font-family has-xx-large-font-size wp-elements-5c162139ed2c6da952468f7c73ba3edc\" style=\"margin-top:var(--wp--preset--spacing--50);margin-bottom:0;font-style:normal;font-weight:700;text-transform:uppercase\"><\/p>\n<\/div><\/div>\n\n\n\n<div class=\"wp-block-group has-global-padding is-layout-constrained wp-block-group-is-layout-constrained\">\n<div class=\"wp-block-columns is-layout-flex wp-container-core-columns-is-layout-28f84493 wp-block-columns-is-layout-flex\">\n<div class=\"wp-block-column is-layout-flow wp-block-column-is-layout-flow\" style=\"padding-top:var(--wp--preset--spacing--40);flex-basis:80%\">\n<h1 class=\"wp-block-heading has-text-align-left has-blue-velvet-color has-text-color has-link-color has-x-large-font-size wp-elements-6e03f2381e5ab1edb66d8815f18b9440\"><br>VOS EXPERTS IMMOBILIERS LOCAUX<\/h1>\n\n\n\n<p>\u00c0 Marbella Homes to Love, nous sommes plus qu&rsquo;une simple agence immobili\u00e8re &#8211; nous sommes les experts de votre quartier, ici m\u00eame, au c\u0153ur de la Costa del Sol. Nous croyons fermement qu&rsquo;il faut faire des affaires de mani\u00e8re responsable, car nous savons que c&rsquo;est la cl\u00e9 d&rsquo;un succ\u00e8s durable.<\/p>\n\n\n\n<p>Notre agence est n\u00e9e d&rsquo;une vision simple mais puissante : r\u00e9volutionner la sc\u00e8ne immobili\u00e8re avec un m\u00e9lange de c\u0153ur, d&rsquo;expertise et de r\u00e9sultats prouv\u00e9s. Chaque transaction est un travail d&rsquo;\u00e9quipe aliment\u00e9 par notre passion et notre d\u00e9vouement constant \u00e0 assurer le bonheur et le succ\u00e8s de nos clients.<\/p>\n\n\n\n<p>Notre mission est claire : faire en sorte que l&rsquo;achat ou la vente d&rsquo;une maison se d\u00e9roule sans probl\u00e8me. Gr\u00e2ce \u00e0 nos connaissances approfondies et \u00e0 notre savoir-faire dans le secteur, nous sommes votre source privil\u00e9gi\u00e9e pour tout ce qui touche \u00e0 l&rsquo;immobilier.<\/p>\n\n\n\n<p>Nous ne nous contentons pas de relever les d\u00e9fis, nous les embrassons avec enthousiasme, en forgeant des liens solides et en cr\u00e9ant des possibilit\u00e9s infinies pour nos clients. \u00c0 Marbella Homes to Love, nous ne nous contentons pas d&rsquo;\u00eatre \u00e0 la page, nous donnons le ton pour l&rsquo;avenir de l&rsquo;immobilier, un propri\u00e9taire heureux \u00e0 la fois.<\/p>\n<\/div>\n<\/div>\n<\/div>\n\n\n\n<div class=\"wp-block-group has-global-padding is-layout-constrained wp-block-group-is-layout-constrained\" style=\"margin-top:var(--wp--preset--spacing--50)\">\n<h2 class=\"wp-block-heading has-text-align-left has-x-large-font-size\">Rencontrer notre \u00e9quipe<\/h2>\n\n\n\n<p class=\"has-text-align-left has-text-align-center\">D\u00e9couvrez les visages qui se trouvent derri\u00e8re Marbella Homes to Love &#8211; Faites connaissance avec notre \u00e9quipe d\u00e9vou\u00e9e d&rsquo;experts immobiliers, parlant couramment l&rsquo;anglais, l&rsquo;espagnol, l&rsquo;allemand, le fran\u00e7ais, le letton et le russe.<\/p>\n<\/div>\n\n\n\n<div class=\"wp-block-group alignfull has-global-padding is-content-justification-center is-layout-constrained wp-block-group-is-layout-constrained\" id=\"team\" style=\"margin-top:0;margin-bottom:0;padding-top:var(--wp--preset--spacing--30);padding-bottom:var(--wp--preset--spacing--50)\">\n<div class=\"wp-block-columns alignwide jaleo-team-member-columns is-layout-flex wp-container-core-columns-is-layout-47775a2e wp-block-columns-is-layout-flex\" style=\"margin-top:0;margin-bottom:var(--wp--preset--spacing--buttons);padding-right:0;padding-left:0\">\n<div class=\"wp-block-column is-layout-flow wp-block-column-is-layout-flow\">\n<article class=\"wp-block-cover is-light jaleo-team-member\" style=\"margin-top:0;margin-bottom:0;min-height:700px;aspect-ratio:unset;\"><img loading=\"lazy\" decoding=\"async\" width=\"1707\" height=\"2560\" class=\"wp-block-cover__image-background wp-image-3472\" alt=\"\" src=\"https:\/\/marbellahomestolove.com\/wp-content\/uploads\/2024\/05\/Bernadette-scaled.jpg\" style=\"object-position:65% 60%\" data-object-fit=\"cover\" data-object-position=\"65% 60%\" srcset=\"https:\/\/www.marbellahomestolove.com\/wp-content\/uploads\/2024\/05\/Bernadette-scaled.jpg 1707w, https:\/\/www.marbellahomestolove.com\/wp-content\/uploads\/2024\/05\/Bernadette-1024x1536.jpg 1024w, https:\/\/www.marbellahomestolove.com\/wp-content\/uploads\/2024\/05\/Bernadette-1920x2880.jpg 1920w, https:\/\/www.marbellahomestolove.com\/wp-content\/uploads\/2024\/05\/Bernadette-768x1152.jpg 768w, https:\/\/www.marbellahomestolove.com\/wp-content\/uploads\/2024\/05\/Bernadette-1365x2048.jpg 1365w\" sizes=\"auto, (max-width: 1707px) 100vw, 1707px\" \/><span aria-hidden=\"true\" class=\"wp-block-cover__background has-background-dim-0 has-background-dim\" style=\"background-color:#a19691\"><\/span><div class=\"wp-block-cover__inner-container is-layout-flow wp-block-cover-is-layout-flow\">\n<p class=\"has-text-align-center has-large-font-size\"><\/p>\n<\/div><\/article>\n\n\n\n<div class=\"wp-block-group has-base-background-color has-background has-global-padding is-layout-constrained wp-container-core-group-is-layout-c8d2aeb8 wp-block-group-is-layout-constrained\" style=\"margin-top:0;margin-bottom:0;padding-top:var(--wp--preset--spacing--30);padding-right:var(--wp--preset--spacing--20);padding-bottom:var(--wp--preset--spacing--30);padding-left:var(--wp--preset--spacing--20)\">\n<h3 class=\"wp-block-heading has-text-align-left is-style-default has-medium-font-size\" style=\"margin-top:0;margin-bottom:0;padding-top:0;padding-bottom:0\">Bernadette Prinz<\/h3>\n\n\n\n<p class=\"has-small-font-size\" style=\"margin-top:0;margin-bottom:var(--wp--preset--spacing--10);padding-top:0;padding-bottom:0;font-style:normal;font-weight:400\">Fondatrice &#8211; Agent immobilier<\/p>\n\n\n\n<p class=\"has-ultrasmall-font-size\">0034 674 527 599<br>0049 173 96 229 72<br><a href=\"mailto:info@marbellahomestolove.com\">info@marbellahomestolove.com<\/a><\/p>\n<\/div>\n<\/div>\n\n\n\n<div class=\"wp-block-column is-layout-flow wp-block-column-is-layout-flow\">\n<article class=\"wp-block-cover is-light jaleo-team-member\" style=\"min-height:700px;aspect-ratio:unset;\"><img loading=\"lazy\" decoding=\"async\" width=\"476\" height=\"634\" class=\"wp-block-cover__image-background wp-image-5853 size-full\" alt=\"\" src=\"https:\/\/www.marbellahomestolove.com\/wp-content\/uploads\/2026\/01\/daniel-cropped.png\" data-object-fit=\"cover\"\/><span aria-hidden=\"true\" class=\"wp-block-cover__background has-background-dim-0 has-background-dim\" style=\"background-color:#948a86\"><\/span><div class=\"wp-block-cover__inner-container is-layout-flow wp-block-cover-is-layout-flow\">\n<p class=\"has-text-align-center has-large-font-size\"><\/p>\n<\/div><\/article>\n\n\n\n<div class=\"wp-block-group has-base-background-color has-background has-global-padding is-layout-constrained wp-container-core-group-is-layout-c8d2aeb8 wp-block-group-is-layout-constrained\" style=\"margin-top:0;margin-bottom:0;padding-top:var(--wp--preset--spacing--30);padding-right:var(--wp--preset--spacing--20);padding-bottom:var(--wp--preset--spacing--30);padding-left:var(--wp--preset--spacing--20)\">\n<h3 class=\"wp-block-heading has-text-align-left is-style-default has-medium-font-size\" style=\"margin-top:0;margin-bottom:0;padding-top:0;padding-bottom:0\">Daniel Gal\u00e1n<\/h3>\n\n\n\n<p class=\"has-small-font-size\" style=\"margin-top:0;margin-bottom:var(--wp--preset--spacing--10);padding-top:0;padding-bottom:0;font-style:normal;font-weight:400\">Agent immobilier<\/p>\n\n\n\n<p class=\"has-ultrasmall-font-size\"><br>0034 633 017 083<br><a href=\"mailto:daniel@marbellahomestolove.com\">daniel@marbellahomestolove.com<\/a><\/p>\n<\/div>\n<\/div>\n\n\n\n<div class=\"wp-block-column is-layout-flow wp-block-column-is-layout-flow\">\n<article class=\"wp-block-cover is-light jaleo-team-member\" style=\"min-height:700px;aspect-ratio:unset;\"><img decoding=\"async\" class=\"wp-block-cover__image-background wp-image-5839 size-full\" alt=\"\" src=\"https:\/\/www.marbellahomestolove.com\/wp-content\/uploads\/2026\/01\/raisa-cropped-e1769432504960.jpg\" style=\"object-position:47% 62%\" data-object-fit=\"cover\" data-object-position=\"47% 62%\"\/><span aria-hidden=\"true\" class=\"wp-block-cover__background has-background-dim-0 has-background-dim\" style=\"background-color:#948a86\"><\/span><div class=\"wp-block-cover__inner-container is-layout-flow wp-block-cover-is-layout-flow\">\n<p class=\"has-text-align-center has-large-font-size\"><\/p>\n<\/div><\/article>\n\n\n\n<div class=\"wp-block-group has-base-background-color has-background has-global-padding is-layout-constrained wp-container-core-group-is-layout-c8d2aeb8 wp-block-group-is-layout-constrained\" style=\"margin-top:0;margin-bottom:0;padding-top:var(--wp--preset--spacing--30);padding-right:var(--wp--preset--spacing--20);padding-bottom:var(--wp--preset--spacing--30);padding-left:var(--wp--preset--spacing--20)\">\n<h3 class=\"wp-block-heading has-text-align-left is-style-default has-medium-font-size\" style=\"margin-top:0;margin-bottom:0;padding-top:0;padding-bottom:0\">RAISA HILKO<\/h3>\n\n\n\n<p class=\"has-small-font-size\" style=\"margin-top:0;margin-bottom:var(--wp--preset--spacing--10);padding-top:0;padding-bottom:0;font-style:normal;font-weight:400\">Agent immobilier<\/p>\n\n\n\n<p class=\"has-ultrasmall-font-size\"><br>0034 659 206 093<br><a href=\"mailto:daniel@marbellahomestolove.com\"><\/a><a href=\"mailto:raisa@marbellahomestolove.com\">raisa@marbellahomestolove.com<\/a><\/p>\n<\/div>\n<\/div>\n<\/div>\n\n\n\n<div class=\"wp-block-columns alignwide jaleo-team-member-columns is-layout-flex wp-container-core-columns-is-layout-f8560250 wp-block-columns-is-layout-flex\" style=\"margin-top:0;padding-right:0;padding-left:0\">\n<div class=\"wp-block-column is-layout-flow wp-block-column-is-layout-flow\"><\/div>\n\n\n\n<div class=\"wp-block-column is-layout-flow wp-block-column-is-layout-flow\">\n<article class=\"wp-block-cover is-light jaleo-team-member\" style=\"min-height:700px;aspect-ratio:unset;\"><img decoding=\"async\" class=\"wp-block-cover__image-background wp-image-5867 size-full\" alt=\"\" src=\"https:\/\/www.marbellahomestolove.com\/wp-content\/uploads\/2026\/01\/dsc_7681-editar-scaled-e1769413319501.jpg\" style=\"object-position:33% 47%\" data-object-fit=\"cover\" data-object-position=\"33% 47%\"\/><span aria-hidden=\"true\" class=\"wp-block-cover__background has-background-dim-0 has-background-dim\" style=\"background-color:#948a86\"><\/span><div class=\"wp-block-cover__inner-container is-layout-flow wp-block-cover-is-layout-flow\">\n<p class=\"has-text-align-center has-large-font-size\"><\/p>\n<\/div><\/article>\n\n\n\n<div class=\"wp-block-group has-base-background-color has-background has-global-padding is-layout-constrained wp-container-core-group-is-layout-c8d2aeb8 wp-block-group-is-layout-constrained\" style=\"margin-top:0;margin-bottom:0;padding-top:var(--wp--preset--spacing--30);padding-right:var(--wp--preset--spacing--20);padding-bottom:var(--wp--preset--spacing--30);padding-left:var(--wp--preset--spacing--20)\">\n<h3 class=\"wp-block-heading has-text-align-left is-style-default has-medium-font-size\" style=\"margin-top:0;margin-bottom:0;padding-top:0;padding-bottom:0\">RICARDO RODILES<\/h3>\n\n\n\n<p class=\"has-small-font-size\" style=\"margin-top:0;margin-bottom:var(--wp--preset--spacing--10);padding-top:0;padding-bottom:0;font-style:normal;font-weight:400\">Informatique et gestion de bureau<\/p>\n\n\n\n<p class=\"has-ultrasmall-font-size\">0034 661 954 081<br><a href=\"mailto:ricardo@marbellahomestolove.com\">ricardo@marbellahomestolove.com<\/a><\/p>\n<\/div>\n<\/div>\n\n\n\n<div class=\"wp-block-column is-layout-flow wp-block-column-is-layout-flow\"><\/div>\n<\/div>\n<\/div>\n\n\n\n<section class=\"wp-block-group alignfull has-global-padding is-layout-constrained wp-block-group-is-layout-constrained\" style=\"margin-top:var(--wp--preset--spacing--50);margin-bottom:var(--wp--preset--spacing--60)\">\n<div class=\"wp-block-columns alignwide are-vertically-aligned-center is-layout-flex wp-container-core-columns-is-layout-28f84493 wp-block-columns-is-layout-flex\">\n<div class=\"wp-block-column is-vertically-aligned-center has-global-padding is-layout-constrained wp-block-column-is-layout-constrained\" style=\"flex-basis:50%\">\n<figure class=\"wp-block-image size-full is-style-default wp-duotone-unset-2\"><img loading=\"lazy\" decoding=\"async\" width=\"2560\" height=\"1536\" src=\"https:\/\/marbellahomestolove.com\/wp-content\/uploads\/2024\/03\/Shutterstock_3370476-1-scaled.jpg\" alt=\"\" class=\"wp-image-3008\" style=\"aspect-ratio:3\/4;object-fit:cover\" srcset=\"https:\/\/www.marbellahomestolove.com\/wp-content\/uploads\/2024\/03\/Shutterstock_3370476-1-scaled.jpg 2560w, https:\/\/www.marbellahomestolove.com\/wp-content\/uploads\/2024\/03\/Shutterstock_3370476-1-1024x615.jpg 1024w, https:\/\/www.marbellahomestolove.com\/wp-content\/uploads\/2024\/03\/Shutterstock_3370476-1-1920x1152.jpg 1920w, https:\/\/www.marbellahomestolove.com\/wp-content\/uploads\/2024\/03\/Shutterstock_3370476-1-768x461.jpg 768w, https:\/\/www.marbellahomestolove.com\/wp-content\/uploads\/2024\/03\/Shutterstock_3370476-1-1536x922.jpg 1536w, https:\/\/www.marbellahomestolove.com\/wp-content\/uploads\/2024\/03\/Shutterstock_3370476-1-2048x1229.jpg 2048w\" sizes=\"auto, (max-width: 2560px) 100vw, 2560px\" \/><\/figure>\n<\/div>\n\n\n\n<div class=\"wp-block-column is-vertically-aligned-center has-global-padding is-layout-constrained wp-block-column-is-layout-constrained\" style=\"flex-basis:50%\">\n<h2 class=\"wp-block-heading has-blue-velvet-color has-text-color has-link-color has-heading-font-family has-x-large-font-size wp-elements-48b9a352d2ba1edcd2d00d9381e0fddf\" style=\"text-transform:uppercase\">prendre contact<\/h2>\n\n\n\n<p class=\"has-contrast-color has-text-color has-link-color has-heading-font-family wp-elements-821af0d1b916c14fb505ebd8a1aa2a17\" style=\"margin-bottom:var(--wp--preset--spacing--40)\">Si vous avez des questions, des commentaires ou si vous souhaitez simplement prendre contact avec nous, n&rsquo;h\u00e9sitez pas \u00e0 utiliser le formulaire de contact suivant.<\/p>\n\n\n<div id=\"wpb__style_container\" class=\"wpb__style_container wpb--container\"><form id=\"property_form\" class=\"wpb--property-form\" action=\"localhost\" method=\"POST\" data-contact=\"property_form\" data-lead-sent-ok=\"Your message has been sent.\" data-sitekey=\"6LeCnBEpAAAAAIvG7R0t86GiltWtfDya0FeXVz4k\">\n\t<input type=\"hidden\" name=\"subject\" value=\"Contact from Property \/fr\/wp-json\/wp\/v2\/pages\/3565\" \/>\n\t<input type=\"hidden\" name=\"g-recaptcha-response\" value=\"\" \/>\n\t<input name=\"source\" type=\"hidden\" value=\"www.marbellahomestolove.com\/fr\/wp-json\/wp\/v2\/pages\/3565\"\/>\n\t\t\n\t<input name=\"name\" type=\"text\" autocomplete=\"off\" placeholder=\"Nom et pr\u00e9nom\" required data-error=\"Nom et pr\u00e9nom Obligatoire\" \/>\n\t<input name=\"email\" type=\"email\" autocomplete=\"off\" placeholder=\"Adresse \u00e9lectronique\" required data-error=\"Email Required\" \/>\n\t<input name=\"phone\" type=\"tel\" autocomplete=\"off\" placeholder=\"T\u00e9l\u00e9phone\" data-error=\"Phone numbers must have between 8 and 20 digits\" \/>\n\t<textarea name=\"comment\" rows=\"6\">Voici le commentaire pour ce formulaire<\/textarea>\n\t\n\t<div class=\"wpb--custom-checkbox\">\n\t\t<input type=\"checkbox\" id=\"property_form-property_form-customCheck1\" name=\"privacy_policy\" required data-error=\"Required field\" \/>\n\t\t<label for=\"property_form-property_form-customCheck1\">J'accepte la <a href=\"https:\/\/www.marbellahomestolove.com\/privacy\" target=\"_blank\">Politique de confidentialit\u00e9<\/a><\/label>\n\t<\/div>\n\t<div class=\"wpb--custom-checkbox\">\n\t\t<input type=\"checkbox\" id=\"property_form-property_form-customCheck2\" name=\"commercial_information\" \/>\n\t\t<label for=\"property_form-property_form-customCheck2\">J'accepte de recevoir des informations par e-mail<\/label>\n\t<\/div>\n\t<button data-ids=\"property_form\" data-lang=\"\" class=\"btn wpb--formbutton g-recaptcha\" type=\"submit\"><span id=\"text-send\">Envoyer<\/span> <span id=\"spinner-send\"><\/span><\/button>\n\t<p id=\"result\" class=\"wpb--form-msg\"><\/p>\n<\/form>\n\t<script src=\"https:\/\/www.google.com\/recaptcha\/api.js?render=6LeCnBEpAAAAAIvG7R0t86GiltWtfDya0FeXVz4k&hl=\"><\/script>\n<\/div>\n<\/div>\n<\/div>\n<\/section>\n","protected":false},"excerpt":{"rendered":"<p>VOS EXPERTS IMMOBILIERS LOCAUX \u00c0 Marbella Homes to Love, nous sommes plus qu&rsquo;une simple agence immobili\u00e8re &#8211; nous sommes les experts de votre quartier, ici m\u00eame, au c\u0153ur de la Costa del Sol. Nous croyons fermement qu&rsquo;il faut faire des affaires de mani\u00e8re responsable, car nous savons que c&rsquo;est la cl\u00e9 d&rsquo;un succ\u00e8s durable. Notre [&hellip;]<\/p>\n","protected":false},"author":5,"featured_media":0,"parent":0,"menu_order":0,"comment_status":"closed","ping_status":"closed","template":"solid-header","meta":{"_acf_changed":false,"footnotes":""},"class_list":["post-3565","page","type-page","status-publish","hentry"],"acf":[],"_links":{"self":[{"href":"https:\/\/www.marbellahomestolove.com\/fr\/wp-json\/wp\/v2\/pages\/3565","targetHints":{"allow":["GET"]}}],"collection":[{"href":"https:\/\/www.marbellahomestolove.com\/fr\/wp-json\/wp\/v2\/pages"}],"about":[{"href":"https:\/\/www.marbellahomestolove.com\/fr\/wp-json\/wp\/v2\/types\/page"}],"author":[{"embeddable":true,"href":"https:\/\/www.marbellahomestolove.com\/fr\/wp-json\/wp\/v2\/users\/5"}],"replies":[{"embeddable":true,"href":"https:\/\/www.marbellahomestolove.com\/fr\/wp-json\/wp\/v2\/comments?post=3565"}],"version-history":[{"count":1,"href":"https:\/\/www.marbellahomestolove.com\/fr\/wp-json\/wp\/v2\/pages\/3565\/revisions"}],"predecessor-version":[{"id":7046,"href":"https:\/\/www.marbellahomestolove.com\/fr\/wp-json\/wp\/v2\/pages\/3565\/revisions\/7046"}],"wp:attachment":[{"href":"https:\/\/www.marbellahomestolove.com\/fr\/wp-json\/wp\/v2\/media?parent=3565"}],"curies":[{"name":"wp","href":"https:\/\/api.w.org\/{rel}","templated":true}]}}