{"id":3562,"date":"2024-06-12T08:43:41","date_gmt":"2024-06-12T07:43:41","guid":{"rendered":"https:\/\/marbellahomestolove.com\/?page_id=3562"},"modified":"2024-08-09T08:46:05","modified_gmt":"2024-08-09T07:46:05","slug":"contact","status":"publish","type":"page","link":"https:\/\/www.marbellahomestolove.com\/fr\/contact","title":{"rendered":"Contact"},"content":{"rendered":"\n<div class=\"wp-block-cover is-light\" style=\"margin-bottom:var(--wp--preset--spacing--30);min-height:60vh;aspect-ratio:unset;\"><span aria-hidden=\"true\" class=\"wp-block-cover__background has-background-dim-0 has-background-dim\"><\/span><img loading=\"lazy\" decoding=\"async\" width=\"1984\" height=\"1064\" class=\"wp-block-cover__image-background wp-image-2974\" alt=\"\" src=\"https:\/\/marbellahomestolove.com\/wp-content\/uploads\/2024\/03\/Untitled-design-21.png\" data-object-fit=\"cover\" srcset=\"https:\/\/www.marbellahomestolove.com\/wp-content\/uploads\/2024\/03\/Untitled-design-21.png 1984w, https:\/\/www.marbellahomestolove.com\/wp-content\/uploads\/2024\/03\/Untitled-design-21-1024x549.png 1024w, https:\/\/www.marbellahomestolove.com\/wp-content\/uploads\/2024\/03\/Untitled-design-21-1920x1030.png 1920w, https:\/\/www.marbellahomestolove.com\/wp-content\/uploads\/2024\/03\/Untitled-design-21-768x412.png 768w, https:\/\/www.marbellahomestolove.com\/wp-content\/uploads\/2024\/03\/Untitled-design-21-1536x824.png 1536w\" sizes=\"auto, (max-width: 1984px) 100vw, 1984px\" \/><div class=\"wp-block-cover__inner-container has-global-padding is-layout-constrained wp-block-cover-is-layout-constrained\">\n<div class=\"wp-block-group jaleo--container-75-center has-global-padding is-layout-constrained wp-block-group-is-layout-constrained\">\n<p class=\"has-text-align-left has-base-color has-text-color has-link-color has-body-2-font-family has-xx-large-font-size wp-elements-17eda80b4f0a7f67569613c40a375bfe\" style=\"margin-top:var(--wp--preset--spacing--50);margin-bottom:var(--wp--preset--spacing--20);font-style:normal;font-weight:700;line-height:1.2;text-transform:uppercase\"><br><\/p>\n<\/div>\n<\/div><\/div>\n\n\n\n<div class=\"wp-block-group has-global-padding is-layout-constrained wp-block-group-is-layout-constrained\">\n<div class=\"wp-block-columns is-layout-flex wp-container-core-columns-is-layout-28f84493 wp-block-columns-is-layout-flex\">\n<div class=\"wp-block-column is-layout-flow wp-block-column-is-layout-flow\" style=\"padding-top:var(--wp--preset--spacing--40);flex-basis:80%\">\n<h1 class=\"wp-block-heading has-text-align-left\">Contactez nous<\/h1>\n\n\n\n<p><\/p>\n\n\n\n<p>Vous \u00eates pr\u00eat \u00e0 entamer votre voyage immobilier sur la magnifique Costa del Sol ? Que vous soyez \u00e0 la recherche de la maison de vos r\u00eaves \u00e0 Marbella, que vous exploriez les options sur plan \u00e0 Estepona ou que vous ayez besoin de conseils d&rsquo;experts \u00e0 Benahavis, nous sommes l\u00e0 pour vous aider \u00e0 chaque \u00e9tape.<\/p>\n\n\n\n<p>Contactez-nous d\u00e8s aujourd&rsquo;hui par <strong>t\u00e9l\u00e9phone au <a href=\"tel:+34674527599\">+34 674 52 75 99<\/a><\/strong> ou par <a href=\"https:\/\/wa.me\/+34674527599\" target=\"_blank\" rel=\"noopener\"><strong>WhatsApp<\/strong><\/a> pour discuter de vos besoins et d\u00e9couvrir les possibilit\u00e9s.<\/p>\n<\/div>\n<\/div>\n<\/div>\n\n\n\n<div class=\"wp-block-group has-global-padding is-layout-constrained wp-block-group-is-layout-constrained\">\n<section class=\"wp-block-group alignfull has-global-padding is-layout-constrained wp-block-group-is-layout-constrained\" style=\"margin-top:var(--wp--preset--spacing--50);margin-bottom:var(--wp--preset--spacing--50)\">\n<div class=\"wp-block-columns alignwide are-vertically-aligned-center is-layout-flex wp-container-core-columns-is-layout-7fc3d43a wp-block-columns-is-layout-flex\">\n<div class=\"wp-block-column is-vertically-aligned-center is-layout-flow wp-block-column-is-layout-flow\" style=\"flex-basis:50%\">\n<h3 class=\"wp-block-heading\">marbella homes to love<\/h3>\n\n\n\n<p class=\"has-contrast-color has-text-color has-link-color wp-elements-69c626d835f05bd133e571ad4a4b6a94\">Marbella Hill Club<br>29602 Marbella \/ M\u00e1laga<\/p>\n\n\n\n<p>email: <a href=\"mailto:info@marbellahomestolove.com\">info@marbellahomestolove.com<\/a><\/p>\n\n\n\n<p><\/p>\n\n\n<div id=\"wpb__style_container\" class=\"wpb__style_container wpb--container\"><form id=\"property_form\" class=\"wpb--property-form\" action=\"localhost\" method=\"POST\" data-contact=\"property_form\" data-lead-sent-ok=\"Your message has been sent.\" data-sitekey=\"6LeCnBEpAAAAAIvG7R0t86GiltWtfDya0FeXVz4k\">\n\t<input type=\"hidden\" name=\"subject\" value=\"Contact from Property \/fr\/wp-json\/wp\/v2\/pages\/3562\" \/>\n\t<input type=\"hidden\" name=\"g-recaptcha-response\" value=\"\" \/>\n\t<input name=\"source\" type=\"hidden\" value=\"www.marbellahomestolove.com\/fr\/wp-json\/wp\/v2\/pages\/3562\"\/>\n\t\t\n\t<input name=\"name\" type=\"text\" autocomplete=\"off\" placeholder=\"Nom et pr\u00e9nom\" required data-error=\"Nom et pr\u00e9nom Obligatoire\" \/>\n\t<input name=\"email\" type=\"email\" autocomplete=\"off\" placeholder=\"Adresse \u00e9lectronique\" required data-error=\"Email Required\" \/>\n\t<input name=\"phone\" type=\"tel\" autocomplete=\"off\" placeholder=\"T\u00e9l\u00e9phone\" data-error=\"Phone numbers must have between 8 and 20 digits\" \/>\n\t<textarea name=\"comment\" rows=\"6\">Entrez votre commentaire<\/textarea>\n\t\n\t<div class=\"wpb--custom-checkbox\">\n\t\t<input type=\"checkbox\" id=\"property_form-property_form-customCheck1\" name=\"privacy_policy\" required data-error=\"Required field\" \/>\n\t\t<label for=\"property_form-property_form-customCheck1\">J'accepte la <a href=\"https:\/\/www.marbellahomestolove.com\/privacy\" target=\"_blank\">Politique de confidentialit\u00e9<\/a><\/label>\n\t<\/div>\n\t<div class=\"wpb--custom-checkbox\">\n\t\t<input type=\"checkbox\" id=\"property_form-property_form-customCheck2\" name=\"commercial_information\" \/>\n\t\t<label for=\"property_form-property_form-customCheck2\">J'accepte de recevoir des informations par e-mail<\/label>\n\t<\/div>\n\t<button data-ids=\"property_form\" data-lang=\"\" class=\"btn wpb--formbutton g-recaptcha\" type=\"submit\"><span id=\"text-send\">Envoyer<\/span> <span id=\"spinner-send\"><\/span><\/button>\n\t<p id=\"result\" class=\"wpb--form-msg\"><\/p>\n<\/form>\n\t<script src=\"https:\/\/www.google.com\/recaptcha\/api.js?render=6LeCnBEpAAAAAIvG7R0t86GiltWtfDya0FeXVz4k&hl=\"><\/script>\n<\/div>\n<\/div>\n\n\n\n<div class=\"wp-block-column is-vertically-aligned-center is-layout-flow wp-block-column-is-layout-flow\" style=\"flex-basis:60%\">\t\t<div\n            id=\"wpmapblock_9cdfd8ed\"\n            data-settings='{&quot;map_marker&quot;:[{&quot;lat&quot;:&quot;36.524018610387&quot;,&quot;lng&quot;:&quot;-4.9264240264893&quot;,&quot;title&quot;:&quot;&quot;,&quot;content&quot;:&quot;&quot;,&quot;iconType&quot;:&quot;default&quot;,&quot;customIconUrl&quot;:&quot;&quot;,&quot;customIconWidth&quot;:&quot;25&quot;,&quot;customIconHeight&quot;:&quot;40&quot;}],&quot;map_zoom&quot;:&quot;15&quot;,&quot;scroll_wheel_zoom&quot;:false,&quot;map_type&quot;:&quot;GM&quot;,&quot;center_index&quot;:0}'\n            class=\"wpmapblockrender\"\n            style=\"\n\t\t\twidth: 100%;\n\t\t\theight: 650px;\n\t\t\"\n            >\n        <\/div>\n        <\/div>\n<\/div>\n<\/section>\n<\/div>\n","protected":false},"excerpt":{"rendered":"<p>Contactez nous Vous \u00eates pr\u00eat \u00e0 entamer votre voyage immobilier sur la magnifique Costa del Sol ? Que vous soyez \u00e0 la recherche de la maison de vos r\u00eaves \u00e0 Marbella, que vous exploriez les options sur plan \u00e0 Estepona ou que vous ayez besoin de conseils d&rsquo;experts \u00e0 Benahavis, nous sommes l\u00e0 pour vous [&hellip;]<\/p>\n","protected":false},"author":5,"featured_media":0,"parent":0,"menu_order":0,"comment_status":"closed","ping_status":"closed","template":"solid-header","meta":{"_acf_changed":false,"footnotes":""},"class_list":["post-3562","page","type-page","status-publish","hentry"],"acf":[],"_links":{"self":[{"href":"https:\/\/www.marbellahomestolove.com\/fr\/wp-json\/wp\/v2\/pages\/3562","targetHints":{"allow":["GET"]}}],"collection":[{"href":"https:\/\/www.marbellahomestolove.com\/fr\/wp-json\/wp\/v2\/pages"}],"about":[{"href":"https:\/\/www.marbellahomestolove.com\/fr\/wp-json\/wp\/v2\/types\/page"}],"author":[{"embeddable":true,"href":"https:\/\/www.marbellahomestolove.com\/fr\/wp-json\/wp\/v2\/users\/5"}],"replies":[{"embeddable":true,"href":"https:\/\/www.marbellahomestolove.com\/fr\/wp-json\/wp\/v2\/comments?post=3562"}],"version-history":[{"count":1,"href":"https:\/\/www.marbellahomestolove.com\/fr\/wp-json\/wp\/v2\/pages\/3562\/revisions"}],"predecessor-version":[{"id":3940,"href":"https:\/\/www.marbellahomestolove.com\/fr\/wp-json\/wp\/v2\/pages\/3562\/revisions\/3940"}],"wp:attachment":[{"href":"https:\/\/www.marbellahomestolove.com\/fr\/wp-json\/wp\/v2\/media?parent=3562"}],"curies":[{"name":"wp","href":"https:\/\/api.w.org\/{rel}","templated":true}]}}