{"id":2351,"date":"2023-12-17T11:46:25","date_gmt":"2023-12-17T10:46:25","guid":{"rendered":"https:\/\/marbellahomestolove.com\/?page_id=2351"},"modified":"2026-04-07T12:17:01","modified_gmt":"2026-04-07T11:17:01","slug":"sobre-nosotros","status":"publish","type":"page","link":"https:\/\/www.marbellahomestolove.com\/es\/sobre-nosotros","title":{"rendered":"Sobre nosotros"},"content":{"rendered":"\n<div class=\"wp-block-cover is-light\" style=\"min-height:60vh;aspect-ratio:unset;\"><img loading=\"lazy\" decoding=\"async\" width=\"1920\" height=\"1280\" class=\"wp-block-cover__image-background wp-image-5894 size-large\" alt=\"\" src=\"https:\/\/www.marbellahomestolove.com\/wp-content\/uploads\/2026\/01\/untitled-design-32-1920x1280.png\" data-object-fit=\"cover\" srcset=\"https:\/\/www.marbellahomestolove.com\/wp-content\/uploads\/2026\/01\/untitled-design-32-1920x1280.png 1920w, https:\/\/www.marbellahomestolove.com\/wp-content\/uploads\/2026\/01\/untitled-design-32-1024x683.png 1024w, https:\/\/www.marbellahomestolove.com\/wp-content\/uploads\/2026\/01\/untitled-design-32-768x512.png 768w, https:\/\/www.marbellahomestolove.com\/wp-content\/uploads\/2026\/01\/untitled-design-32-1536x1024.png 1536w, https:\/\/www.marbellahomestolove.com\/wp-content\/uploads\/2026\/01\/untitled-design-32-2048x1365.png 2048w\" sizes=\"auto, (max-width: 1920px) 100vw, 1920px\" \/><span aria-hidden=\"true\" class=\"wp-block-cover__background has-background-dim-0 has-background-dim\" style=\"background-color:#b8b6b9\"><\/span><div class=\"wp-block-cover__inner-container has-global-padding is-layout-constrained wp-block-cover-is-layout-constrained\">\n<p class=\"has-text-align-left has-base-color has-text-color has-link-color has-body-2-font-family has-xx-large-font-size wp-elements-5c162139ed2c6da952468f7c73ba3edc\" style=\"margin-top:var(--wp--preset--spacing--50);margin-bottom:0;font-style:normal;font-weight:700;text-transform:uppercase\"><\/p>\n<\/div><\/div>\n\n\n\n<div class=\"wp-block-group has-global-padding is-layout-constrained wp-block-group-is-layout-constrained\">\n<div class=\"wp-block-columns is-layout-flex wp-container-core-columns-is-layout-28f84493 wp-block-columns-is-layout-flex\">\n<div class=\"wp-block-column is-layout-flow wp-block-column-is-layout-flow\" style=\"padding-top:var(--wp--preset--spacing--40);flex-basis:80%\">\n<h1 class=\"wp-block-heading has-text-align-left has-blue-velvet-color has-text-color has-link-color has-x-large-font-size wp-elements-5691ef126ac74b7f515375df3f1b97b9\"><br>SUS EXPERTOS INMOBILIARIOS LOCALES<br><\/h1>\n\n\n\n<p>En Marbella Homes to Love, somos m\u00e1s que una agencia inmobiliaria boutique: somos expertos en su comunidad, aqu\u00ed mismo, en el coraz\u00f3n de la Costa del Sol. Creemos firmemente en hacer negocios de forma responsable porque sabemos que esa es la clave del \u00e9xito duradero.<\/p>\n\n\n\n<p>Nuestra agencia naci\u00f3 de una visi\u00f3n simple pero poderosa: transformar la industria inmobiliaria con una combinaci\u00f3n de coraz\u00f3n, experiencia y resultados probados. Cada transacci\u00f3n es un esfuerzo de equipo impulsado por nuestra pasi\u00f3n y dedicaci\u00f3n constante para garantizar la felicidad y el \u00e9xito de nuestros clientes.<\/p>\n\n\n\n<p>Nuestra misi\u00f3n es clara: hacer que la compra o venta de su casa sea un proceso sin complicaciones. Con nuestra amplia experiencia y conocimientos del sector, somos su fuente de referencia para todo lo relacionado con el mundo inmobiliario.<\/p>\n\n\n\n<p>No s\u00f3lo nos enfrentamos a los retos, sino que los afrontamos con gusto, forjando fuertes relaciones y creando un sinf\u00edn de posibilidades para nuestros clientes a lo largo del camino. En Marbella Homes to Love, no s\u00f3lo nos mantenemos al d\u00eda, sino que marcamos el ritmo del futuro del sector inmobiliario, de propietario en propietario.<\/p>\n<\/div>\n<\/div>\n<\/div>\n\n\n\n<div class=\"wp-block-group has-global-padding is-layout-constrained wp-block-group-is-layout-constrained\">\n<p><\/p>\n\n\n\n<h2 class=\"wp-block-heading has-text-align-left has-x-large-font-size\">nuestro equipo<\/h2>\n\n\n\n<p class=\"has-text-align-left has-text-align-center\">Descubra las personas que hay detr\u00e1s de Marbella Homes to Love &#8211; Conozca a nuestro equipo de expertos inmobiliarios, que hablan ingl\u00e9s, espa\u00f1ol, alem\u00e1n, franc\u00e9s, let\u00f3n y ruso.<\/p>\n<\/div>\n\n\n\n<div class=\"wp-block-group alignfull has-global-padding is-content-justification-center is-layout-constrained wp-block-group-is-layout-constrained\" id=\"team\" style=\"margin-top:0;margin-bottom:0;padding-top:var(--wp--preset--spacing--30);padding-bottom:var(--wp--preset--spacing--50)\">\n<div class=\"wp-block-columns alignwide jaleo-team-member-columns is-layout-flex wp-container-core-columns-is-layout-47775a2e wp-block-columns-is-layout-flex\" style=\"margin-top:0;margin-bottom:var(--wp--preset--spacing--buttons);padding-right:0;padding-left:0\">\n<div class=\"wp-block-column is-layout-flow wp-block-column-is-layout-flow\">\n<article class=\"wp-block-cover is-light jaleo-team-member\" style=\"margin-top:0;margin-bottom:0;min-height:700px;aspect-ratio:unset;\"><img loading=\"lazy\" decoding=\"async\" width=\"1707\" height=\"2560\" class=\"wp-block-cover__image-background wp-image-3472\" alt=\"\" src=\"https:\/\/marbellahomestolove.com\/wp-content\/uploads\/2024\/05\/Bernadette-scaled.jpg\" style=\"object-position:65% 60%\" data-object-fit=\"cover\" data-object-position=\"65% 60%\" srcset=\"https:\/\/www.marbellahomestolove.com\/wp-content\/uploads\/2024\/05\/Bernadette-scaled.jpg 1707w, https:\/\/www.marbellahomestolove.com\/wp-content\/uploads\/2024\/05\/Bernadette-1024x1536.jpg 1024w, https:\/\/www.marbellahomestolove.com\/wp-content\/uploads\/2024\/05\/Bernadette-1920x2880.jpg 1920w, https:\/\/www.marbellahomestolove.com\/wp-content\/uploads\/2024\/05\/Bernadette-768x1152.jpg 768w, https:\/\/www.marbellahomestolove.com\/wp-content\/uploads\/2024\/05\/Bernadette-1365x2048.jpg 1365w\" sizes=\"auto, (max-width: 1707px) 100vw, 1707px\" \/><span aria-hidden=\"true\" class=\"wp-block-cover__background has-background-dim-0 has-background-dim\" style=\"background-color:#a19691\"><\/span><div class=\"wp-block-cover__inner-container is-layout-flow wp-block-cover-is-layout-flow\">\n<p class=\"has-text-align-center has-large-font-size\"><\/p>\n<\/div><\/article>\n\n\n\n<div class=\"wp-block-group has-base-background-color has-background has-global-padding is-layout-constrained wp-container-core-group-is-layout-c8d2aeb8 wp-block-group-is-layout-constrained\" style=\"margin-top:0;margin-bottom:0;padding-top:var(--wp--preset--spacing--30);padding-right:var(--wp--preset--spacing--20);padding-bottom:var(--wp--preset--spacing--30);padding-left:var(--wp--preset--spacing--20)\">\n<h3 class=\"wp-block-heading has-text-align-left is-style-default has-medium-font-size\" style=\"margin-top:0;margin-bottom:0;padding-top:0;padding-bottom:0\">Bernadette Prinz<\/h3>\n\n\n\n<p class=\"has-small-font-size\" style=\"margin-top:0;margin-bottom:var(--wp--preset--spacing--10);padding-top:0;padding-bottom:0;font-style:normal;font-weight:400\">Fundadora &#8211; Agente Inmobiliaria<\/p>\n\n\n\n<p class=\"has-ultrasmall-font-size\">0034 674 527 599<br>0049 173 96 229 72<br><a href=\"mailto:info@marbellahomestolove.com\">info@marbellahomestolove.com<\/a><\/p>\n<\/div>\n<\/div>\n\n\n\n<div class=\"wp-block-column is-layout-flow wp-block-column-is-layout-flow\">\n<article class=\"wp-block-cover is-light jaleo-team-member\" style=\"min-height:700px;aspect-ratio:unset;\"><img loading=\"lazy\" decoding=\"async\" width=\"476\" height=\"634\" class=\"wp-block-cover__image-background wp-image-5855 size-full\" alt=\"\" src=\"https:\/\/www.marbellahomestolove.com\/wp-content\/uploads\/2026\/01\/daniel-cropped.png\" data-object-fit=\"cover\"\/><span aria-hidden=\"true\" class=\"wp-block-cover__background has-background-dim-0 has-background-dim\" style=\"background-color:#948a86\"><\/span><div class=\"wp-block-cover__inner-container is-layout-flow wp-block-cover-is-layout-flow\">\n<p class=\"has-text-align-center has-large-font-size\"><\/p>\n<\/div><\/article>\n\n\n\n<div class=\"wp-block-group has-base-background-color has-background has-global-padding is-layout-constrained wp-container-core-group-is-layout-c8d2aeb8 wp-block-group-is-layout-constrained\" style=\"margin-top:0;margin-bottom:0;padding-top:var(--wp--preset--spacing--30);padding-right:var(--wp--preset--spacing--20);padding-bottom:var(--wp--preset--spacing--30);padding-left:var(--wp--preset--spacing--20)\">\n<h3 class=\"wp-block-heading has-text-align-left is-style-default has-medium-font-size\" style=\"margin-top:0;margin-bottom:0;padding-top:0;padding-bottom:0\">Daniel Gal\u00e1n<\/h3>\n\n\n\n<p class=\"has-small-font-size\" style=\"margin-top:0;margin-bottom:var(--wp--preset--spacing--10);padding-top:0;padding-bottom:0;font-style:normal;font-weight:400\">Agente Inmobiliario<\/p>\n\n\n\n<p class=\"has-ultrasmall-font-size\"><br>0034 633 017 083<br><a href=\"mailto:daniel@marbellahomestolove.com\">daniel@marbellahomestolove.com<\/a><\/p>\n<\/div>\n<\/div>\n\n\n\n<div class=\"wp-block-column is-layout-flow wp-block-column-is-layout-flow\">\n<article class=\"wp-block-cover is-light jaleo-team-member\" style=\"min-height:700px;aspect-ratio:unset;\"><img decoding=\"async\" class=\"wp-block-cover__image-background wp-image-5841 size-full\" alt=\"\" src=\"https:\/\/www.marbellahomestolove.com\/wp-content\/uploads\/2026\/01\/raisa-cropped-e1769432504960.jpg\" style=\"object-position:45% 43%\" data-object-fit=\"cover\" data-object-position=\"45% 43%\"\/><span aria-hidden=\"true\" class=\"wp-block-cover__background has-background-dim-0 has-background-dim\" style=\"background-color:#948a86\"><\/span><div class=\"wp-block-cover__inner-container is-layout-flow wp-block-cover-is-layout-flow\">\n<p class=\"has-text-align-center has-large-font-size\"><\/p>\n<\/div><\/article>\n\n\n\n<div class=\"wp-block-group has-base-background-color has-background has-global-padding is-layout-constrained wp-container-core-group-is-layout-c8d2aeb8 wp-block-group-is-layout-constrained\" style=\"margin-top:0;margin-bottom:0;padding-top:var(--wp--preset--spacing--30);padding-right:var(--wp--preset--spacing--20);padding-bottom:var(--wp--preset--spacing--30);padding-left:var(--wp--preset--spacing--20)\">\n<h3 class=\"wp-block-heading has-text-align-left is-style-default has-medium-font-size\" style=\"margin-top:0;margin-bottom:0;padding-top:0;padding-bottom:0\">RAISA HILKO<\/h3>\n\n\n\n<p class=\"has-small-font-size\" style=\"margin-top:0;margin-bottom:var(--wp--preset--spacing--10);padding-top:0;padding-bottom:0;font-style:normal;font-weight:400\">Agente Inmobiliaria<\/p>\n\n\n\n<p class=\"has-ultrasmall-font-size\"><br>0034 659 206 093<br><a href=\"mailto:daniel@marbellahomestolove.com\"><\/a><a href=\"mailto:raisa@marbellahomestolove.com\">raisa@marbellahomestolove.com<\/a><\/p>\n<\/div>\n<\/div>\n<\/div>\n\n\n\n<div class=\"wp-block-columns alignwide jaleo-team-member-columns is-layout-flex wp-container-core-columns-is-layout-f8560250 wp-block-columns-is-layout-flex\" style=\"margin-top:0;padding-right:0;padding-left:0\">\n<div class=\"wp-block-column is-layout-flow wp-block-column-is-layout-flow\">\n<div class=\"wp-block-group has-base-background-color has-background has-global-padding is-layout-constrained wp-container-core-group-is-layout-c8d2aeb8 wp-block-group-is-layout-constrained\" style=\"margin-top:0;margin-bottom:0;padding-top:var(--wp--preset--spacing--30);padding-right:var(--wp--preset--spacing--20);padding-bottom:var(--wp--preset--spacing--30);padding-left:var(--wp--preset--spacing--20)\">\n<h3 class=\"wp-block-heading has-text-align-left is-style-default has-medium-font-size\" style=\"margin-top:0;margin-bottom:0;padding-top:0;padding-bottom:0\"><\/h3>\n\n\n\n<p class=\"has-small-font-size\" style=\"margin-top:0;margin-bottom:var(--wp--preset--spacing--10);padding-top:0;padding-bottom:0;font-style:normal;font-weight:400\"><\/p>\n\n\n\n<p class=\"has-ultrasmall-font-size\"><\/p>\n<\/div>\n<\/div>\n\n\n\n<div class=\"wp-block-column is-layout-flow wp-block-column-is-layout-flow\">\n<article class=\"wp-block-cover is-light jaleo-team-member\" style=\"min-height:700px;aspect-ratio:unset;\"><img decoding=\"async\" class=\"wp-block-cover__image-background wp-image-5869 size-full\" alt=\"\" src=\"https:\/\/www.marbellahomestolove.com\/wp-content\/uploads\/2026\/01\/dsc_7681-editar-scaled-e1769413319501.jpg\" style=\"object-position:35% 52%\" data-object-fit=\"cover\" data-object-position=\"35% 52%\"\/><span aria-hidden=\"true\" class=\"wp-block-cover__background has-background-dim-0 has-background-dim\" style=\"background-color:#948a86\"><\/span><div class=\"wp-block-cover__inner-container is-layout-flow wp-block-cover-is-layout-flow\">\n<p class=\"has-text-align-center has-large-font-size\"><\/p>\n<\/div><\/article>\n\n\n\n<div class=\"wp-block-group has-base-background-color has-background has-global-padding is-layout-constrained wp-container-core-group-is-layout-c8d2aeb8 wp-block-group-is-layout-constrained\" style=\"margin-top:0;margin-bottom:0;padding-top:var(--wp--preset--spacing--30);padding-right:var(--wp--preset--spacing--20);padding-bottom:var(--wp--preset--spacing--30);padding-left:var(--wp--preset--spacing--20)\">\n<h3 class=\"wp-block-heading has-text-align-left is-style-default has-medium-font-size\" style=\"margin-top:0;margin-bottom:0;padding-top:0;padding-bottom:0\">RICARDO RODILES<\/h3>\n\n\n\n<p class=\"has-small-font-size\" style=\"margin-top:0;margin-bottom:var(--wp--preset--spacing--10);padding-top:0;padding-bottom:0;font-style:normal;font-weight:400\">Inform\u00e1tica y Gesti\u00f3n de Oficina<\/p>\n\n\n\n<p class=\"has-ultrasmall-font-size\">0034 661 954 081<br><a href=\"mailto:ricardo@marbellahomestolove.com\">ricardo@marbellahomestolove.com<\/a><\/p>\n<\/div>\n<\/div>\n\n\n\n<div class=\"wp-block-column is-layout-flow wp-block-column-is-layout-flow\"><\/div>\n<\/div>\n<\/div>\n\n\n\n<section class=\"wp-block-group alignfull has-global-padding is-layout-constrained wp-block-group-is-layout-constrained\" style=\"margin-top:var(--wp--preset--spacing--50);margin-bottom:var(--wp--preset--spacing--60)\">\n<div class=\"wp-block-columns alignwide are-vertically-aligned-center is-layout-flex wp-container-core-columns-is-layout-28f84493 wp-block-columns-is-layout-flex\">\n<div class=\"wp-block-column is-vertically-aligned-center has-global-padding is-layout-constrained wp-block-column-is-layout-constrained\" style=\"flex-basis:50%\">\n<figure class=\"wp-block-image size-full is-style-default wp-duotone-unset-2\"><img loading=\"lazy\" decoding=\"async\" width=\"2560\" height=\"1536\" src=\"https:\/\/marbellahomestolove.com\/wp-content\/uploads\/2024\/03\/Shutterstock_3370476-1-scaled.jpg\" alt=\"\" class=\"wp-image-3008\" style=\"aspect-ratio:3\/4;object-fit:cover\" srcset=\"https:\/\/www.marbellahomestolove.com\/wp-content\/uploads\/2024\/03\/Shutterstock_3370476-1-scaled.jpg 2560w, https:\/\/www.marbellahomestolove.com\/wp-content\/uploads\/2024\/03\/Shutterstock_3370476-1-1024x615.jpg 1024w, https:\/\/www.marbellahomestolove.com\/wp-content\/uploads\/2024\/03\/Shutterstock_3370476-1-1920x1152.jpg 1920w, https:\/\/www.marbellahomestolove.com\/wp-content\/uploads\/2024\/03\/Shutterstock_3370476-1-768x461.jpg 768w, https:\/\/www.marbellahomestolove.com\/wp-content\/uploads\/2024\/03\/Shutterstock_3370476-1-1536x922.jpg 1536w, https:\/\/www.marbellahomestolove.com\/wp-content\/uploads\/2024\/03\/Shutterstock_3370476-1-2048x1229.jpg 2048w\" sizes=\"auto, (max-width: 2560px) 100vw, 2560px\" \/><\/figure>\n<\/div>\n\n\n\n<div class=\"wp-block-column is-vertically-aligned-center has-global-padding is-layout-constrained wp-block-column-is-layout-constrained\" style=\"flex-basis:50%\">\n<h2 class=\"wp-block-heading has-blue-velvet-color has-text-color has-link-color has-heading-font-family has-x-large-font-size wp-elements-d7f44e4bb600402fcdcffa26dbf744ac\" style=\"text-transform:uppercase\">P\u00d3NGASE EN CONTACTO<\/h2>\n\n\n\n<p class=\"has-contrast-color has-text-color has-link-color has-heading-font-family wp-elements-4261c88d1c239167346c2f4435409638\" style=\"margin-bottom:var(--wp--preset--spacing--40)\">Si tiene alguna pregunta, comentario o simplemente desea ponerse en contacto con nosotros, no dude en hacerlo a trav\u00e9s del siguiente formulario de contacto.<\/p>\n\n\n<div id=\"wpb__style_container\" class=\"wpb__style_container wpb--container\"><form id=\"property_form\" class=\"wpb--property-form\" action=\"localhost\" method=\"POST\" data-contact=\"property_form\" data-lead-sent-ok=\"Su mensaje ha sido enviado.\" data-sitekey=\"6LeCnBEpAAAAAIvG7R0t86GiltWtfDya0FeXVz4k\">\n\t<input type=\"hidden\" name=\"subject\" value=\"Contacto desde Propiedad \/es\/wp-json\/wp\/v2\/pages\/2351\" \/>\n\t<input type=\"hidden\" name=\"g-recaptcha-response\" value=\"\" \/>\n\t<input name=\"source\" type=\"hidden\" value=\"www.marbellahomestolove.com\/es\/wp-json\/wp\/v2\/pages\/2351\"\/>\n\t\t\n\t<input name=\"name\" type=\"text\" autocomplete=\"off\" placeholder=\"Nombre completo\" required data-error=\"Nombre obligatorio\" \/>\n\t<input name=\"email\" type=\"email\" autocomplete=\"off\" placeholder=\"Email\" required data-error=\"Email obligatorio\" \/>\n\t<input name=\"phone\" type=\"tel\" autocomplete=\"off\" placeholder=\"Tel\u00e9fono\" data-error=\"Los n\u00fameros de tel\u00e9fono deben tener entre 8 y 20 d\u00edgitos\" \/>\n\t<textarea name=\"comment\" rows=\"6\">Este es el comentario para este formulario<\/textarea>\n\t\n\t<div class=\"wpb--custom-checkbox\">\n\t\t<input type=\"checkbox\" id=\"property_form-property_form-customCheck1\" name=\"privacy_policy\" required data-error=\"Campo Obligatorio\" \/>\n\t\t<label for=\"property_form-property_form-customCheck1\">Acepto la  <a href=\"https:\/\/www.marbellahomestolove.com\/privacy\" target=\"_blank\">Pol\u00edtica de privacidad<\/a><\/label>\n\t<\/div>\n\t<div class=\"wpb--custom-checkbox\">\n\t\t<input type=\"checkbox\" id=\"property_form-property_form-customCheck2\" name=\"commercial_information\" \/>\n\t\t<label for=\"property_form-property_form-customCheck2\">Acepto recibir informaci\u00f3n por email<\/label>\n\t<\/div>\n\t<button data-ids=\"property_form\" data-lang=\"\" class=\"btn wpb--formbutton g-recaptcha\" type=\"submit\"><span id=\"text-send\">Enviar<\/span> <span id=\"spinner-send\"><\/span><\/button>\n\t<p id=\"result\" class=\"wpb--form-msg\"><\/p>\n<\/form>\n\t<script src=\"https:\/\/www.google.com\/recaptcha\/api.js?render=6LeCnBEpAAAAAIvG7R0t86GiltWtfDya0FeXVz4k&hl=\"><\/script>\n<\/div>\n<\/div>\n<\/div>\n<\/section>\n","protected":false},"excerpt":{"rendered":"<p>SUS EXPERTOS INMOBILIARIOS LOCALES En Marbella Homes to Love, somos m\u00e1s que una agencia inmobiliaria boutique: somos expertos en su comunidad, aqu\u00ed mismo, en el coraz\u00f3n de la Costa del Sol. Creemos firmemente en hacer negocios de forma responsable porque sabemos que esa es la clave del \u00e9xito duradero. Nuestra agencia naci\u00f3 de una visi\u00f3n [&hellip;]<\/p>\n","protected":false},"author":5,"featured_media":0,"parent":0,"menu_order":0,"comment_status":"closed","ping_status":"closed","template":"solid-header","meta":{"_acf_changed":false,"footnotes":""},"class_list":["post-2351","page","type-page","status-publish","hentry"],"acf":[],"_links":{"self":[{"href":"https:\/\/www.marbellahomestolove.com\/es\/wp-json\/wp\/v2\/pages\/2351","targetHints":{"allow":["GET"]}}],"collection":[{"href":"https:\/\/www.marbellahomestolove.com\/es\/wp-json\/wp\/v2\/pages"}],"about":[{"href":"https:\/\/www.marbellahomestolove.com\/es\/wp-json\/wp\/v2\/types\/page"}],"author":[{"embeddable":true,"href":"https:\/\/www.marbellahomestolove.com\/es\/wp-json\/wp\/v2\/users\/5"}],"replies":[{"embeddable":true,"href":"https:\/\/www.marbellahomestolove.com\/es\/wp-json\/wp\/v2\/comments?post=2351"}],"version-history":[{"count":1,"href":"https:\/\/www.marbellahomestolove.com\/es\/wp-json\/wp\/v2\/pages\/2351\/revisions"}],"predecessor-version":[{"id":7049,"href":"https:\/\/www.marbellahomestolove.com\/es\/wp-json\/wp\/v2\/pages\/2351\/revisions\/7049"}],"wp:attachment":[{"href":"https:\/\/www.marbellahomestolove.com\/es\/wp-json\/wp\/v2\/media?parent=2351"}],"curies":[{"name":"wp","href":"https:\/\/api.w.org\/{rel}","templated":true}]}}