{"id":3723,"date":"2024-06-06T09:11:56","date_gmt":"2024-06-06T08:11:56","guid":{"rendered":"https:\/\/www.marbellahomestolove.com\/cookies-policy"},"modified":"2025-12-22T11:11:25","modified_gmt":"2025-12-22T10:11:25","slug":"cookies-policy","status":"publish","type":"page","link":"https:\/\/www.marbellahomestolove.com\/de\/cookies-policy","title":{"rendered":"Cookies Policy"},"content":{"rendered":"\n<div class=\"wp-block-group has-global-padding is-layout-constrained wp-container-core-group-is-layout-c9115f92 wp-block-group-is-layout-constrained\" style=\"padding-right:var(--wp--preset--spacing--20);padding-left:var(--wp--preset--spacing--20)\">\n<h1 class=\"wp-block-heading\">Cookie-Richtlinie<\/h1>\n\n\n\n<h2 class=\"wp-block-heading has-contrast-color has-text-color has-link-color wp-elements-b94d981584b78b304226d3044ee006d0\">INFORMATIONEN \u00dcBER COOKIES<\/h2>\n\n\n\n<p>Gem\u00e4\u00df dem Gesetz 34\/2002 vom 11. Juli \u00fcber Dienste der Informationsgesellschaft und den elektronischen Gesch\u00e4ftsverkehr (LSSI) in Verbindung mit der Verordnung (EU) 2016\/679 des Europ\u00e4ischen Parlaments und des Rates vom 27. April<br>2016 zum Schutz personenbezogener Daten (DSGVO) sowie dem Organgesetz 3\/2018 vom 5. Dezember \u00fcber den Datenschutz und die Gew\u00e4hrleistung digitaler Rechte (LOPDGDD) ist es verpflichtend, vor der Nutzung aller Webseiten, die nicht notwendige Cookies verwenden, die ausdr\u00fcckliche Zustimmung des Nutzers einzuholen.<\/p>\n\n\n\n<h2 class=\"wp-block-heading has-contrast-color has-text-color has-link-color wp-elements-fb7517d5d7fc3f715d39c259bc2e0a94\">WAS SIND COOKIES?<\/h2>\n\n\n\n<p>Cookies und andere \u00e4hnliche Technologien wie Local Shared Objects, Flash-Cookies oder Pixel sind Werkzeuge, die von Webservern verwendet werden, um Informationen \u00fcber ihre Besucher zu speichern und abzurufen sowie das ordnungsgem\u00e4\u00dfe Funktionieren<br>der Website zu erm\u00f6glichen.<\/p>\n\n\n\n<p>Durch den Einsatz dieser Technologien kann der Webserver bestimmte Daten \u00fcber den Nutzer speichern, wie z.&nbsp;B. seine Anzeigepr\u00e4ferenzen f\u00fcr die Seiten des Servers, seinen Benutzernamen und sein Passwort, Produkte, die ihn besonders interessieren,<br>usw.<\/p>\n\n\n\n<h2 class=\"wp-block-heading has-contrast-color has-text-color has-link-color wp-elements-ebc160c72650238178940cd3b15a1d08\"><em>COOKIES <\/em>UNTERLIEGEND UND VON DER REGELUNG AUSGENOMMEN<\/h2>\n\n\n\n<p>Gem\u00e4\u00df der EU-Richtlinie erfordern Analyse-, Werbe- und Affiliate-Cookies die informierte Einwilligung des Nutzers, w\u00e4hrend technische Cookies sowie solche, die f\u00fcr den Betrieb der Website oder die ausdr\u00fccklich vom Nutzer angeforderten Dienstleistungen erforderlich sind, davon ausgenommen sind.<\/p>\n\n\n\n<h2 class=\"wp-block-heading has-contrast-color has-text-color has-link-color wp-elements-343d39106b6af7527621f1c2a3ef24d4\">ARTEN VON COOKIES<\/h2>\n\n\n\n<p class=\"has-blue-velvet-color has-text-color has-link-color wp-elements-a038dcd8973c5177bfc1d87f785b9b4b\"><strong>NACH ZWECK<\/strong><\/p>\n\n\n\n<ul class=\"wp-block-list has-medium-font-size\">\n<li><strong>Technische und funktionale Cookies:<\/strong> erm\u00f6glichen dem Nutzer die Navigation auf einer Website, Plattform oder Anwendung sowie die Nutzung der dort angebotenen verschiedenen Optionen oder Dienste.<\/li>\n\n\n\n<li><strong>Analyse-Cookies:<\/strong> erm\u00f6glichen es dem Verantwortlichen, das Verhalten der Nutzer der verbundenen Websites zu \u00fcberwachen und zu analysieren. Die durch diese Cookies gesammelten Informationen werden verwendet, um die Aktivit\u00e4t der Websites, Anwendungen oder Plattformen zu messen und Nutzungsprofile zu erstellen, mit dem Ziel, Verbesserungen in der Analyse der Nutzerdaten vorzunehmen.<\/li>\n\n\n\n<li><strong>Werbe-Cookies:<\/strong> erm\u00f6glichen die m\u00f6glichst effiziente Verwaltung von Werbefl\u00e4chen, die der Herausgeber gegebenenfalls auf einer Website, Anwendung oder Plattform eingebunden hat, basierend auf Daten wie bearbeitetem Inhalt oder der H\u00e4ufigkeit der Anzeigen.<\/li>\n\n\n\n<li><strong>Verhaltensbasierte Werbe-Cookies:<\/strong> sammeln Informationen \u00fcber pers\u00f6nliche Pr\u00e4ferenzen und Entscheidungen des Nutzers (Retargeting), um die Werbefl\u00e4chen, die der Herausgeber gegebenenfalls eingebunden hat, m\u00f6glichst effizient zu verwalten.<\/li>\n\n\n\n<li><strong>Soziale Cookies:<\/strong> werden von sozialen Netzwerken innerhalb ihrer Dienste gesetzt, um das Teilen von Inhalten mit Freunden und Netzwerken zu erm\u00f6glichen. Social-Media-Plattformen k\u00f6nnen Online-Aktivit\u00e4ten auch au\u00dferhalb ihrer Dienste verfolgen, was sich auf Inhalte und Nachrichten in anderen genutzten Diensten auswirken kann.<\/li>\n\n\n\n<li><strong>Affiliate-Cookies:<\/strong> erm\u00f6glichen die Nachverfolgung von Besuchen \u00fcber Links von anderen Websites, mit denen Affiliate-Vereinbarungen bestehen.<\/li>\n\n\n\n<li><strong>Sicherheits-Cookies:<\/strong> speichern verschl\u00fcsselte Informationen, um zu verhindern, dass die darin gespeicherten Daten anf\u00e4llig f\u00fcr b\u00f6swillige Angriffe Dritter sind.<\/li>\n<\/ul>\n\n\n\n<div style=\"height:25px\" aria-hidden=\"true\" class=\"wp-block-spacer\"><\/div>\n\n\n\n<p class=\"has-blue-velvet-color has-text-color has-link-color wp-elements-f66c36232cef876434b7b9fd566a8ae7\"><strong>NACH EIGENT\u00dcMERSCHAFT<\/strong><\/p>\n\n\n\n<ul class=\"wp-block-list has-medium-font-size\">\n<li><strong>Eigene <em>Cookies<\/em>:<\/strong> werden vom Ger\u00e4t oder der Domain des Herausgebers an das Endger\u00e4t des Nutzers gesendet, von wo aus der vom Nutzer angeforderte Dienst bereitgestellt wird.<\/li>\n\n\n\n<li><strong>Cookies von Drittanbietern:<\/strong> werden vom Ger\u00e4t oder der Domain eines Dritten an das Endger\u00e4t des Nutzers gesendet, der die durch Cookies erhaltenen Daten verarbeitet.<\/li>\n<\/ul>\n\n\n\n<div style=\"height:25px\" aria-hidden=\"true\" class=\"wp-block-spacer\"><\/div>\n\n\n\n<p class=\"has-blue-velvet-color has-text-color has-link-color wp-elements-3c7a03521d05429902335a89e8961679\"><strong>NACH SPEICHERDAUER<\/strong><\/p>\n\n\n\n<ul class=\"wp-block-list has-medium-font-size\">\n<li><strong>Sitzungs-<em>Cookies<\/em>:<\/strong> sind Cookies, die Daten sammeln und speichern, solange der Nutzer auf eine Website zugreift.<\/li>\n\n\n\n<li><strong>Permanente <em>Cookies<\/em>:<\/strong> sind Cookies, bei denen die Daten f\u00fcr einen vom Cookie-Verantwortlichen festgelegten Zeitraum auf dem Endger\u00e4t gespeichert bleiben und verarbeitet werden k\u00f6nnen, der von wenigen Minuten bis zu mehreren Jahren reichen kann.<\/li>\n<\/ul>\n\n\n\n<h2 class=\"wp-block-heading has-contrast-color has-text-color has-link-color wp-elements-c8a005b4cbff2484aad493b735b9d2f8\">VERARBEITUNG PERSONENBEZOGENER DATEN<\/h2>\n\n\n\n<p>HOMES TO LOVE BERNADETTE PRINZ SL ist Verantwortlicher f\u00fcr die Verarbeitung der personenbezogenen Daten der betroffenen Person und informiert dar\u00fcber, dass diese Daten gem\u00e4\u00df den Bestimmungen der Verordnung (EU) 2016\/679 vom 27. April 2016 (DSGVO) verarbeitet werden. Daher werden folgende Informationen zur Verarbeitung bereitgestellt:<\/p>\n\n\n\n<p><strong>Zwecke der Datenverarbeitung:<\/strong> wie im Abschnitt \u00fcber die auf dieser Website verwendeten Cookies angegeben.<\/p>\n\n\n\n<p><strong>Rechtsgrundlage der Verarbeitung:<\/strong> au\u00dfer in F\u00e4llen, in denen sie f\u00fcr das Surfen im Internet erforderlich ist, erfolgt sie auf Grundlage der Einwilligung der betroffenen Person (Art. 6 Abs. 1 lit. a DSGVO).<\/p>\n\n\n\n<p><strong>Kriterien f\u00fcr die Datenspeicherung:<\/strong> wie im Abschnitt \u00fcber die auf der Website verwendeten Cookies angegeben.<\/p>\n\n\n\n<p><strong>Datenweitergabe:<\/strong> die Daten werden nicht an Dritte weitergegeben, au\u00dfer bei Cookies von Drittanbietern oder aufgrund gesetzlicher Verpflichtungen.<\/p>\n\n\n\n<p><strong>Rechte der betroffenen Person:<\/strong><\/p>\n\n\n\n<p>&#8211; Recht auf Widerruf der Einwilligung jederzeit.<\/p>\n\n\n\n<p>&#8211; Recht auf Auskunft, Berichtigung, Daten\u00fcbertragbarkeit und L\u00f6schung der Daten sowie auf Einschr\u00e4nkung oder Widerspruch gegen deren Verarbeitung.<\/p>\n\n\n\n<p>&#8211; Recht auf Beschwerde bei der spanischen Aufsichtsbeh\u00f6rde (www.aepd.es), wenn Sie der Ansicht sind, dass die Verarbeitung nicht der geltenden Gesetzgebung entspricht.<\/p>\n\n\n\n<p><strong>Kontaktinformationen zur Aus\u00fcbung Ihrer Rechte:<\/strong><\/p>\n\n\n\n<p>HOMES TO LOVE BERNADETTE PRINZ SL. URBANIZACI\u00d3N MARBELLA HILL CLUB FASE 1, MARBELLA HILL VILLAGE S4, -29602 Marbella (M\u00e1laga). E-Mail: info@marbellahomestolove.com<\/p>\n\n\n\n<p><strong>Kontaktdaten des Datenschutzbeauftragten:<\/strong> LEXDATOS SOLUTIONS SL, Av. Sanl\u00facar la Mayor, 1, Esc. 1, Plt. 1 Ofic. 6., 41110 Bollullos de la Mitaci\u00f3n \u2013 info@lexdatosolutions.com<\/p>\n\n\n\n<h2 class=\"wp-block-heading has-contrast-color has-text-color has-link-color wp-elements-eb5764d7eacd70af88fbc976589462b0\">AUF DIESER WEBSITE VERWENDETE COOKIES<\/h2>\n\n\n\n<p class=\"has-blue-velvet-color has-text-color has-link-color wp-elements-24225867dea2b2987449fd858bb44b70\"><strong>VOM HERAUSGEBER KONTROLLIERTE COOKIES<\/strong><\/p>\n\n\n\n<p>Es werden keine vom Herausgeber kontrollierten Cookies installiert<\/p>\n\n\n\n<p class=\"has-blue-velvet-color has-text-color has-link-color wp-elements-99fc13dc891c599e1f122e84ee67e45b\"><strong>COOKIES VON DRITTANBIETERN<\/strong><\/p>\n\n\n\n<p>Dienstleistungen von Drittanbietern liegen au\u00dferhalb der Kontrolle des Herausgebers. Anbieter k\u00f6nnen jederzeit ihre Servicebedingungen, den Zweck und die Verwendung von Cookies usw. \u00e4ndern. Externe Anbieter dieser Website: Es werden keine von Drittanbietern kontrollierten Cookies installiert.<\/p>\n\n\n\n<p class=\"has-blue-velvet-color has-text-color has-link-color wp-elements-313290453f6cec8d9fc3f14018cf3374\"><strong>COOKIE-KONFIGURATIONSPANEL<\/strong><\/p>\n\n\n\n<p>\u00dcber dieses Panel kann der Nutzer die Cookies konfigurieren, die die Website in seinem Browser installieren darf, mit Ausnahme der technischen oder funktionalen Cookies, die f\u00fcr die Navigation und die Nutzung der angebotenen Optionen oder Dienste erforderlich sind.<\/p>\n\n\n<p><script type=\"text\/javascript\" charset=\"UTF-8\" data-cookiescriptreport=\"report\" src=\"\/\/report.cookie-script.com\/r\/8a0995f1c8f3069c5005d8b4db3ab034.js\"><\/script><br \/>\n<button class=\"csconsentlink\">Cookie-Einstellungen<\/button><\/p>\n\n\n\n<p class=\"has-blue-velvet-color has-text-color has-link-color wp-elements-b0630d697510bb04ea3e66668c72cff2\"><strong>WIE SIE COOKIES \u00dcBER IHREN BROWSER VERWALTEN<\/strong><\/p>\n\n\n\n<figure class=\"wp-block-table\"><table><tbody><tr><td><strong>Cookies von Ihrem Ger\u00e4t l\u00f6schen<\/strong><\/td><td>Cookies, die sich bereits auf einem Ger\u00e4t befinden, k\u00f6nnen durch L\u00f6schen des Browser-Verlaufs entfernt werden. Dadurch werden die Cookies aller besuchten Websites gel\u00f6scht. Einige gespeicherte Informationen (z.&nbsp;B. Anmeldedaten oder Website-Einstellungen) k\u00f6nnen dabei ebenfalls verloren gehen.<\/td><\/tr><tr><td><strong>Website-spezifische Cookies verwalten<\/strong><\/td><td>F\u00fcr eine genauere Kontrolle \u00fcber website-spezifische Cookies k\u00f6nnen Nutzer die Datenschutz- und Cookie-Einstellungen in ihrem Browser anpassen.<\/td><\/tr><tr><td><strong>Cookies blockieren<\/strong><\/td><td>Die meisten modernen Browser k\u00f6nnen so konfiguriert werden, dass sie die Installation von Cookies verhindern. Dies kann jedoch eine manuelle Anpassung bestimmter Einstellungen bei jedem Besuch einer Website oder Seite erfordern. Au\u00dferdem funktionieren einige Dienste und Funktionen m\u00f6glicherweise nicht ordnungsgem\u00e4\u00df (z.&nbsp;B. Profilanmeldungen).<\/td><\/tr><\/tbody><\/table><\/figure>\n\n\n\n<div style=\"height:25px\" aria-hidden=\"true\" class=\"wp-block-spacer\"><\/div>\n\n\n\n<p class=\"has-blue-velvet-color has-text-color has-link-color wp-elements-194fc2d22733bb7baf1c5de78742cb1d\"><strong>WIE SIE COOKIES IN DEN G\u00c4NGIGSTEN BROWSERN L\u00d6SCHEN<\/strong><\/p>\n\n\n\n<figure class=\"wp-block-table\"><table><tbody><tr><td><strong>Chrome<\/strong><\/td><td><a href=\"http:\/\/support.google.com\/chrome\/answer\/95647?hl=es\" target=\"_blank\" rel=\"noreferrer noopener\">https:\/\/support.google.com\/chrome\/answer\/95647?hl=es<\/a><\/td><\/tr><tr><td><strong>Edge<\/strong><\/td><td><a href=\"https:\/\/support.microsoft.com\/es-es\/microsoft-edge\/eliminar-las-cookies-en-microsoft-edge-63947406-40ac-c3b8-57b9-2a946a29ae09\" target=\"_blank\" rel=\"noopener\">https:\/\/support.microsoft.com\/es-es\/microsoft-edge\/eliminar-las-cookies-en-microsoft-edge-63947406-40ac-c3b8-57b9-2a946a29ae09<\/a><\/td><\/tr><tr><td><strong>Explorer<\/strong><\/td><td><a href=\"https:\/\/support.microsoft.com\/es-es\/help\/278835\/how-to-delete-cookie-files-in-internet-explorer\" target=\"_blank\" rel=\"noreferrer noopener\">https:\/\/support.microsoft.com\/es-es\/help\/278835\/how-to-delete-cookie-files-in-internet-explorer<\/a><\/td><\/tr><tr><td><strong>Firefox<\/strong><\/td><td><a href=\"https:\/\/www.mozilla.org\/es-ES\/privacy\/websites\/#cookies\" target=\"_blank\" rel=\"noopener\">https:\/\/www.mozilla.org\/es-ES\/privacy\/websites\/#cookies<\/a><\/td><\/tr><tr><td><strong>Safari<\/strong><\/td><td><a href=\"https:\/\/support.apple.com\/es-es\/guide\/safari\/sfri11471\/mac\" target=\"_blank\" rel=\"noopener\">https:\/\/support.apple.com\/es-es\/guide\/safari\/sfri11471\/mac<\/a><\/td><\/tr><tr><td><strong>Opera<\/strong><\/td><td><a href=\"https:\/\/help.opera.com\/en\/latest\/security-and-privacy\/#clearBrowsingData\" target=\"_blank\" rel=\"noreferrer noopener\">https:\/\/help.opera.com\/en\/latest\/security-and-privacy\/#clearBrowsingData<\/a><\/td><\/tr><\/tbody><\/table><\/figure>\n\n\n\n<div style=\"height:50px\" aria-hidden=\"true\" class=\"wp-block-spacer\"><\/div>\n<\/div>\n","protected":false},"excerpt":{"rendered":"<p>Cookie-Richtlinie INFORMATIONEN \u00dcBER COOKIES Gem\u00e4\u00df dem Gesetz 34\/2002 vom 11. Juli \u00fcber Dienste der Informationsgesellschaft und den elektronischen Gesch\u00e4ftsverkehr (LSSI) in Verbindung mit der Verordnung (EU) 2016\/679 des Europ\u00e4ischen Parlaments und des Rates vom 27. April2016 zum Schutz personenbezogener Daten (DSGVO) sowie dem Organgesetz 3\/2018 vom 5. Dezember \u00fcber den Datenschutz und die Gew\u00e4hrleistung digitaler [&hellip;]<\/p>\n","protected":false},"author":5,"featured_media":0,"parent":0,"menu_order":0,"comment_status":"closed","ping_status":"closed","template":"solid-header","meta":{"_acf_changed":false,"footnotes":""},"class_list":["post-3723","page","type-page","status-publish","hentry"],"acf":[],"_links":{"self":[{"href":"https:\/\/www.marbellahomestolove.com\/de\/wp-json\/wp\/v2\/pages\/3723","targetHints":{"allow":["GET"]}}],"collection":[{"href":"https:\/\/www.marbellahomestolove.com\/de\/wp-json\/wp\/v2\/pages"}],"about":[{"href":"https:\/\/www.marbellahomestolove.com\/de\/wp-json\/wp\/v2\/types\/page"}],"author":[{"embeddable":true,"href":"https:\/\/www.marbellahomestolove.com\/de\/wp-json\/wp\/v2\/users\/5"}],"replies":[{"embeddable":true,"href":"https:\/\/www.marbellahomestolove.com\/de\/wp-json\/wp\/v2\/comments?post=3723"}],"version-history":[{"count":1,"href":"https:\/\/www.marbellahomestolove.com\/de\/wp-json\/wp\/v2\/pages\/3723\/revisions"}],"predecessor-version":[{"id":5619,"href":"https:\/\/www.marbellahomestolove.com\/de\/wp-json\/wp\/v2\/pages\/3723\/revisions\/5619"}],"wp:attachment":[{"href":"https:\/\/www.marbellahomestolove.com\/de\/wp-json\/wp\/v2\/media?parent=3723"}],"curies":[{"name":"wp","href":"https:\/\/api.w.org\/{rel}","templated":true}]}}