{"id":3350,"date":"2024-04-24T19:12:40","date_gmt":"2024-04-24T18:12:40","guid":{"rendered":"https:\/\/marbellahomestolove.com\/?page_id=3350"},"modified":"2025-12-22T13:00:31","modified_gmt":"2025-12-22T12:00:31","slug":"privacy-policy","status":"publish","type":"page","link":"https:\/\/www.marbellahomestolove.com\/de\/privacy-policy","title":{"rendered":"DATENSCHUTZERKL\u00c4RUNG"},"content":{"rendered":"\n<div class=\"wp-block-group has-global-padding is-layout-constrained wp-block-group-is-layout-constrained\">\n<h2 class=\"wp-block-heading has-x-large-font-size\">DATENSCHUTZERKL\u00c4RUNG<\/h2>\n\n\n\n<h2 class=\"wp-block-heading has-contrast-color has-text-color has-link-color wp-elements-3d5d9dad779857e789f08c4a18b3bdd7\">1. BENUTZERINFORMATIONEN<\/h2>\n\n\n\n<p class=\"has-blue-velvet-color has-text-color has-link-color wp-elements-e9dbcbdae2ed94c8a36fae66988fe369\"><strong>Wer ist f\u00fcr die Verarbeitung Ihrer personenbezogenen Daten verantwortlich?<\/strong><\/p>\n\n\n\n<p><strong>HOMES TO LOVE BERNADETTE PRINZ SL<\/strong> ist der VERANTWORTLICHE f\u00fcr die personenbezogenen Daten des BENUTZERS und informiert ihn\/sie dar\u00fcber, dass diese Daten gem\u00e4\u00df den Bestimmungen der Verordnung (EU) 2016\/679 vom 27. April (DSGVO) sowie des Organgesetzes 3\/2018 vom 5. Dezember (LOPDGDD) verarbeitet werden.<\/p>\n\n\n\n<p class=\"has-blue-velvet-color has-text-color has-link-color wp-elements-a034059d8039eeeb6c56788016e6c16b\"><strong>Warum verarbeiten wir Ihre personenbezogenen Daten?<\/strong><\/p>\n\n\n\n<p>Zur Aufrechterhaltung einer Gesch\u00e4ftsbeziehung mit dem Benutzer. Die geplanten Verarbeitungsvorg\u00e4nge sind:<\/p>\n\n\n\n<ul class=\"mb-5 has-medium-font-size wp-block-list\">\n<li>Versand von kommerziellen Werbemitteilungen per E-Mail, Fax, SMS, MMS, soziale Netzwerke oder \u00fcber andere elektronische oder physische Mittel, gegenw\u00e4rtige oder zuk\u00fcnftige, die kommerzielle Kommunikation erm\u00f6glichen. Diese Mitteilungen werden vom VERANTWORTLICHEN durchgef\u00fchrt und beziehen sich auf dessen Produkte und Dienstleistungen oder auf die seiner Partner oder Lieferanten, mit denen entsprechende Werbevereinbarungen bestehen. In diesem Fall erhalten Dritte keinen Zugriff auf personenbezogene Daten.<\/li>\n\n\n\n<li>Durchf\u00fchrung von Marktforschung und statistischen Analysen.<\/li>\n\n\n\n<li>Bearbeitung von Bestellungen, Anfragen, Beantwortung von R\u00fcckfragen oder sonstigen Anliegen, die der BENUTZER \u00fcber die auf der Website des VERANTWORTLICHEN bereitgestellten Kontaktm\u00f6glichkeiten stellt.<\/li>\n\n\n\n<li>Versand des Online-Newsletters mit Informationen, Angeboten und Aktionen im Zusammenhang mit unserer T\u00e4tigkeit.<\/li>\n<\/ul>\n\n\n\n<div style=\"height:25px\" aria-hidden=\"true\" class=\"wp-block-spacer\"><\/div>\n\n\n\n<p class=\"has-blue-velvet-color has-text-color has-link-color wp-elements-e064cf5b53dcd2ebb82003c2955d5351\"><strong>Warum d\u00fcrfen wir Ihre personenbezogenen Daten verarbeiten?<\/strong><\/p>\n\n\n\n<p>Weil die Verarbeitung gem\u00e4\u00df Artikel 6 der DSGVO wie folgt rechtm\u00e4\u00dfig ist:<\/p>\n\n\n\n<ul class=\"has-medium-font-size wp-block-list\">\n<li>Mit Einwilligung des BENUTZERS: Versand von kommerziellen Mitteilungen und des Newsletters.<\/li>\n\n\n\n<li>Aufgrund des berechtigten Interesses des VERANTWORTLICHEN: Durchf\u00fchrung von Marktforschung, statistischen Analysen usw. sowie Bearbeitung von Bestellungen, Anfragen usw. auf Wunsch des BENUTZERS.<\/li>\n<\/ul>\n\n\n\n<div style=\"height:25px\" aria-hidden=\"true\" class=\"wp-block-spacer\"><\/div>\n\n\n\n<p class=\"has-blue-velvet-color has-text-color has-link-color wp-elements-72992435206d9d014d4f2d761b266fa4\"><strong>Wie lange speichern wir Ihre personenbezogenen Daten?<\/strong><\/p>\n\n\n\n<p>Die Daten werden nicht l\u00e4nger gespeichert, als es zur Erf\u00fcllung des Verarbeitungszwecks erforderlich ist oder solange gesetzliche Aufbewahrungspflichten bestehen. Sobald der Zweck entf\u00e4llt, werden die Daten unter Anwendung geeigneter Sicherheitsma\u00dfnahmen gel\u00f6scht, um ihre Anonymisierung oder vollst\u00e4ndige Vernichtung zu gew\u00e4hrleisten.<\/p>\n\n\n\n<p class=\"has-blue-velvet-color has-text-color has-link-color wp-elements-3e8c55953e35ec4ba84e92f8b5c4e0df\"><strong>An wen geben wir Ihre personenbezogenen Daten weiter?<\/strong><\/p>\n\n\n\n<p>Eine Weitergabe personenbezogener Daten an Dritte ist nicht vorgesehen, es sei denn, sie ist f\u00fcr die Entwicklung und Durchf\u00fchrung der Verarbeitungszwecke erforderlich, insbesondere an unsere Dienstleister im Bereich Kommunikation, mit denen der VERANTWORTLICHE die gem\u00e4\u00df den geltenden Datenschutzvorschriften erforderlichen Vertraulichkeits- und Auftragsverarbeitungsvertr\u00e4ge abgeschlossen hat.<\/p>\n\n\n\n<p class=\"has-blue-velvet-color has-text-color has-link-color wp-elements-f17f1a9ac955a465d662ffd93ac683c7\"><strong>Welche Rechte haben Sie?<\/strong><\/p>\n\n\n\n<p>Die Rechte des BENUTZERS sind:<\/p>\n\n\n\n<ul class=\"has-medium-font-size wp-block-list\">\n<li>Recht, die Einwilligung jederzeit zu widerrufen.<\/li>\n\n\n\n<li>Recht auf Auskunft, Berichtigung, Daten\u00fcbertragbarkeit und L\u00f6schung Ihrer Daten sowie auf Einschr\u00e4nkung oder Widerspruch gegen deren Verarbeitung.<\/li>\n\n\n\n<li>Recht auf Einreichung einer Beschwerde bei der spanischen Aufsichtsbeh\u00f6rde (www.aepd.es), wenn Sie der Ansicht sind, dass die Verarbeitung nicht den geltenden gesetzlichen Bestimmungen entspricht.<\/li>\n<\/ul>\n\n\n\n<div style=\"height:25px\" aria-hidden=\"true\" class=\"wp-block-spacer\"><\/div>\n\n\n\n<p class=\"has-contrast-color has-text-color has-link-color wp-elements-3084c8b5d4fb8bc27c1fe6abdc0659a6\"><strong>Kontaktinformationen zur Aus\u00fcbung Ihrer Rechte:<\/strong><\/p>\n\n\n\n<p>HOMES TO LOVE BERNADETTE PRINZ SL. URBANIZACI\u00d3N MARBELLA HILL CLUB FASE 1, MARBELLA HILL VILLAGE S4, \u2013 29602 Marbella (M\u00e1laga). E-Mail: info@marbellahomestolove.com <strong>Kontaktdaten des Datenschutzbeauftragten:<\/strong> LEXDATOS SOLUTIONS SL, Av. Sanl\u00facar la Mayor, 1, Esc. 1, Plt. 1 Ofic. 6., 41110 Bollullos de la Mitaci\u00f3n \u2013 info@lexdatos.es<\/p>\n\n\n\n<h2 class=\"wp-block-heading has-contrast-color has-text-color has-link-color wp-elements-e0890675cc2b3bc7ed57926f54c33ba2\">2. VERPFLICHTENDER ODER FREIWILLIGER CHARAKTER DER VOM BENUTZER BEREITGESTELLTEN INFORMATIONEN<\/h2>\n\n\n\n<p>Die BENUTZER akzeptieren durch das Ankreuzen der entsprechenden Felder und die Eingabe der Daten in den mit einem Sternchen (*) gekennzeichneten Feldern im Kontakt- oder Downloadformular ausdr\u00fccklich, freiwillig und eindeutig, dass ihre Daten erforderlich sind, damit der Anbieter ihre Anfrage bearbeiten kann, und stellen ihre Daten in den \u00fcbrigen Feldern freiwillig zur Verf\u00fcgung. Der BENUTZER garantiert, dass die dem VERANTWORTLICHEN bereitgestellten personenbezogenen Daten richtig sind, und verpflichtet sich, jede \u00c4nderung mitzuteilen. Der VERANTWORTLICHE informiert dar\u00fcber, dass alle \u00fcber die Website angeforderten Daten verpflichtend sind, da sie f\u00fcr die Bereitstellung eines optimalen Dienstes f\u00fcr den BENUTZER erforderlich sind. Falls nicht alle Daten bereitgestellt werden, kann nicht garantiert werden, dass die angebotenen Informationen und Dienstleistungen vollst\u00e4ndig an die Bed\u00fcrfnisse des Benutzers angepasst sind.<\/p>\n\n\n\n<h2 class=\"wp-block-heading has-contrast-color has-text-color has-link-color wp-elements-d2a598ee246ecb7dc7eee2f9844a33ec\">3. SICHERHEITSMASSNAHMEN<\/h2>\n\n\n\n<p>In \u00dcbereinstimmung mit den geltenden Vorschriften zum Schutz personenbezogener Daten erf\u00fcllt der VERANTWORTLICHE alle Bestimmungen der DSGVO und der LOPDGDD f\u00fcr die Verarbeitung der personenbezogenen Daten, f\u00fcr die er verantwortlich ist, und h\u00e4lt ausdr\u00fccklich die in Artikel 5 der DSGVO beschriebenen Grunds\u00e4tze ein, wonach die Daten rechtm\u00e4\u00dfig, nach Treu und Glauben und transparent gegen\u00fcber der betroffenen Person sowie angemessen, relevant und auf das f\u00fcr die Zwecke der Verarbeitung notwendige Ma\u00df beschr\u00e4nkt verarbeitet werden.<\/p>\n\n\n\n<p>Der VERANTWORTLICHE garantiert, dass alle geeigneten technischen und organisatorischen Ma\u00dfnahmen umgesetzt wurden, um die in der DSGVO und der LOPDGDD festgelegten Sicherheitsma\u00dfnahmen anzuwenden, um die Rechte und Freiheiten der BENUTZER zu sch\u00fctzen, und dass die entsprechenden Informationen bereitgestellt wurden, damit diese ihre Rechte aus\u00fcben k\u00f6nnen.<\/p>\n\n\n\n<p>F\u00fcr weitere Informationen zu den Datenschutzgarantien k\u00f6nnen Sie den VERANTWORTLICHEN \u00fcber HOMES TO LOVE BERNADETTE PRINZ SL. URBANIZACI\u00d3N MARBELLA HILL CLUB FASE 1, MARBELLA HILL VILLAGE S4, \u2013 29602 Marbella (M\u00e1laga). E-Mail: info@marbellahomestolove.com <strong>Kontaktdaten des Datenschutzbeauftragten:<\/strong> LEXDATOS SOLUTIONS SL, Av. Sanl\u00facar la Mayor, 1, Esc. 1, Plt. 1 Ofic. 6., 41110 Bollullos de la Mitaci\u00f3n \u2013 info@lexdatos.es<\/p>\n\n\n\n<p><\/p>\n\n\n\n<div style=\"height:50px\" aria-hidden=\"true\" class=\"wp-block-spacer\"><\/div>\n<\/div>\n","protected":false},"excerpt":{"rendered":"<p>DATENSCHUTZERKL\u00c4RUNG 1. BENUTZERINFORMATIONEN Wer ist f\u00fcr die Verarbeitung Ihrer personenbezogenen Daten verantwortlich? HOMES TO LOVE BERNADETTE PRINZ SL ist der VERANTWORTLICHE f\u00fcr die personenbezogenen Daten des BENUTZERS und informiert ihn\/sie dar\u00fcber, dass diese Daten gem\u00e4\u00df den Bestimmungen der Verordnung (EU) 2016\/679 vom 27. April (DSGVO) sowie des Organgesetzes 3\/2018 vom 5. Dezember (LOPDGDD) verarbeitet werden. [&hellip;]<\/p>\n","protected":false},"author":5,"featured_media":0,"parent":0,"menu_order":0,"comment_status":"closed","ping_status":"closed","template":"solid-header","meta":{"_acf_changed":false,"footnotes":""},"class_list":["post-3350","page","type-page","status-publish","hentry"],"acf":[],"_links":{"self":[{"href":"https:\/\/www.marbellahomestolove.com\/de\/wp-json\/wp\/v2\/pages\/3350","targetHints":{"allow":["GET"]}}],"collection":[{"href":"https:\/\/www.marbellahomestolove.com\/de\/wp-json\/wp\/v2\/pages"}],"about":[{"href":"https:\/\/www.marbellahomestolove.com\/de\/wp-json\/wp\/v2\/types\/page"}],"author":[{"embeddable":true,"href":"https:\/\/www.marbellahomestolove.com\/de\/wp-json\/wp\/v2\/users\/5"}],"replies":[{"embeddable":true,"href":"https:\/\/www.marbellahomestolove.com\/de\/wp-json\/wp\/v2\/comments?post=3350"}],"version-history":[{"count":1,"href":"https:\/\/www.marbellahomestolove.com\/de\/wp-json\/wp\/v2\/pages\/3350\/revisions"}],"predecessor-version":[{"id":5629,"href":"https:\/\/www.marbellahomestolove.com\/de\/wp-json\/wp\/v2\/pages\/3350\/revisions\/5629"}],"wp:attachment":[{"href":"https:\/\/www.marbellahomestolove.com\/de\/wp-json\/wp\/v2\/media?parent=3350"}],"curies":[{"name":"wp","href":"https:\/\/api.w.org\/{rel}","templated":true}]}}