{"id":3322,"date":"2024-04-24T19:07:43","date_gmt":"2024-04-24T18:07:43","guid":{"rendered":"https:\/\/marbellahomestolove.com\/?page_id=3322"},"modified":"2026-04-07T12:16:00","modified_gmt":"2026-04-07T11:16:00","slug":"ueber-uns","status":"publish","type":"page","link":"https:\/\/www.marbellahomestolove.com\/de\/ueber-uns","title":{"rendered":"\u00dcber Uns"},"content":{"rendered":"\n<div class=\"wp-block-cover is-light\" style=\"min-height:60vh;aspect-ratio:unset;\"><img loading=\"lazy\" decoding=\"async\" width=\"1920\" height=\"1280\" class=\"wp-block-cover__image-background wp-image-5893 size-large\" alt=\"\" src=\"https:\/\/www.marbellahomestolove.com\/wp-content\/uploads\/2026\/01\/untitled-design-32-1920x1280.png\" data-object-fit=\"cover\" srcset=\"https:\/\/www.marbellahomestolove.com\/wp-content\/uploads\/2026\/01\/untitled-design-32-1920x1280.png 1920w, https:\/\/www.marbellahomestolove.com\/wp-content\/uploads\/2026\/01\/untitled-design-32-1024x683.png 1024w, https:\/\/www.marbellahomestolove.com\/wp-content\/uploads\/2026\/01\/untitled-design-32-768x512.png 768w, https:\/\/www.marbellahomestolove.com\/wp-content\/uploads\/2026\/01\/untitled-design-32-1536x1024.png 1536w, https:\/\/www.marbellahomestolove.com\/wp-content\/uploads\/2026\/01\/untitled-design-32-2048x1365.png 2048w\" sizes=\"auto, (max-width: 1920px) 100vw, 1920px\" \/><span aria-hidden=\"true\" class=\"wp-block-cover__background has-background-dim-0 has-background-dim\" style=\"background-color:#b6b6bc\"><\/span><div class=\"wp-block-cover__inner-container has-global-padding is-layout-constrained wp-block-cover-is-layout-constrained\">\n<p class=\"has-text-align-left has-base-color has-text-color has-link-color has-body-2-font-family has-xx-large-font-size wp-elements-5c162139ed2c6da952468f7c73ba3edc\" style=\"margin-top:var(--wp--preset--spacing--50);margin-bottom:0;font-style:normal;font-weight:700;text-transform:uppercase\"><\/p>\n<\/div><\/div>\n\n\n\n<div class=\"wp-block-group has-global-padding is-layout-constrained wp-block-group-is-layout-constrained\">\n<div class=\"wp-block-columns is-layout-flex wp-container-core-columns-is-layout-28f84493 wp-block-columns-is-layout-flex\">\n<div class=\"wp-block-column is-layout-flow wp-block-column-is-layout-flow\" style=\"padding-top:var(--wp--preset--spacing--40);flex-basis:80%\">\n<h1 class=\"wp-block-heading has-text-align-left has-blue-velvet-color has-text-color has-link-color has-x-large-font-size wp-elements-9d300446fd68be766cfab1b21f8e3630\">Ihre Immobilienexperten an der costa del sol<br><\/h1>\n\n\n\n<p>Wir von Marbella Homes to Love sind mehr als nur ein Immobilienb\u00fcro \u2013 wir sind die Experten f\u00fcr Kauf und Verkauf hier im Herzen der Costa del Sol. Wir glauben fest an eine verantwortungsvolle Gesch\u00e4ftst\u00e4tigkeit, denn wir wissen, dass dies der Schl\u00fcssel zu langfristigem Erfolg und Kundenzufriedenheit ist.<\/p>\n\n\n\n<p>Unsere Agentur basiert auf einer einfachen, aber kraftvollen Vision: mit einer Mischung aus Herz und Fachwissen und Effizienz und Enthusiasmus wollen wir uns von konventionellen Immobilienagenturen unterscheiden. Jede Transaktion ist eine Teamleistung, die von unserer Leidenschaft und unserem Einsatz f\u00fcr unserer Kunden gepr\u00e4gt ist.<\/p>\n\n\n\n<p>Unser Ziel ist klar: Wir wollen Ihnen den Kauf oder Verkauf Ihrer Immobilie so einfach wie m\u00f6glich machen. Mit unserer F\u00fclle an Informationen und unserem Branchen-und Markt Know-how sind wir Ihre erster Ansprechpartner f\u00fcr alle Immobilienangelegenheiten.<\/p>\n\n\n\n<p>Wir stellen uns nicht nur den Herausforderungen \u2013 wir nehmen sie mit professioneller Begeisterung an und entwickeln auf diesem Weg f\u00fcr unsere Kunden individuelle und attraktive L\u00f6sungen. Bei Marbella Homes to Love gehen wir nicht nur mit der Zeit \u2013 wir geben das Tempo und das Ziel vor: ein gl\u00fccklicher und zufriedener Kunde.<\/p>\n<\/div>\n<\/div>\n<\/div>\n\n\n\n<div class=\"wp-block-group has-global-padding is-layout-constrained wp-block-group-is-layout-constrained\" style=\"margin-top:var(--wp--preset--spacing--50)\">\n<h2 class=\"wp-block-heading has-text-align-left has-x-large-font-size\">TREFFEN SIE UNSER TEAM<\/h2>\n\n\n\n<p class=\"has-text-align-left has-text-align-center\">Entdecken Sie die Gesichter hinter Marbella Homes to Love &#8211; Lernen Sie unser engagiertes Team von Immobilienexperten kennen, die flie\u00dfend Englisch, Spanisch, Deutsch, Franz\u00f6sisch, Lettisch und Russisch sprechen.<\/p>\n<\/div>\n\n\n\n<div class=\"wp-block-group alignfull has-global-padding is-content-justification-center is-layout-constrained wp-block-group-is-layout-constrained\" id=\"team\" style=\"margin-top:0;margin-bottom:0;padding-top:var(--wp--preset--spacing--30);padding-bottom:var(--wp--preset--spacing--50)\">\n<div class=\"wp-block-columns alignwide jaleo-team-member-columns is-layout-flex wp-container-core-columns-is-layout-47775a2e wp-block-columns-is-layout-flex\" style=\"margin-top:0;margin-bottom:var(--wp--preset--spacing--buttons);padding-right:0;padding-left:0\">\n<div class=\"wp-block-column is-layout-flow wp-block-column-is-layout-flow\">\n<article class=\"wp-block-cover is-light jaleo-team-member\" style=\"margin-top:0;margin-bottom:0;min-height:700px;aspect-ratio:unset;\"><img loading=\"lazy\" decoding=\"async\" width=\"1707\" height=\"2560\" class=\"wp-block-cover__image-background wp-image-3472\" alt=\"\" src=\"https:\/\/marbellahomestolove.com\/wp-content\/uploads\/2024\/05\/Bernadette-scaled.jpg\" style=\"object-position:65% 60%\" data-object-fit=\"cover\" data-object-position=\"65% 60%\" srcset=\"https:\/\/www.marbellahomestolove.com\/wp-content\/uploads\/2024\/05\/Bernadette-scaled.jpg 1707w, https:\/\/www.marbellahomestolove.com\/wp-content\/uploads\/2024\/05\/Bernadette-1024x1536.jpg 1024w, https:\/\/www.marbellahomestolove.com\/wp-content\/uploads\/2024\/05\/Bernadette-1920x2880.jpg 1920w, https:\/\/www.marbellahomestolove.com\/wp-content\/uploads\/2024\/05\/Bernadette-768x1152.jpg 768w, https:\/\/www.marbellahomestolove.com\/wp-content\/uploads\/2024\/05\/Bernadette-1365x2048.jpg 1365w\" sizes=\"auto, (max-width: 1707px) 100vw, 1707px\" \/><span aria-hidden=\"true\" class=\"wp-block-cover__background has-background-dim-0 has-background-dim\" style=\"background-color:#a19691\"><\/span><div class=\"wp-block-cover__inner-container is-layout-flow wp-block-cover-is-layout-flow\">\n<p class=\"has-text-align-center has-large-font-size\"><\/p>\n<\/div><\/article>\n\n\n\n<div class=\"wp-block-group has-base-background-color has-background has-global-padding is-layout-constrained wp-container-core-group-is-layout-c8d2aeb8 wp-block-group-is-layout-constrained\" style=\"margin-top:0;margin-bottom:0;padding-top:var(--wp--preset--spacing--30);padding-right:var(--wp--preset--spacing--20);padding-bottom:var(--wp--preset--spacing--30);padding-left:var(--wp--preset--spacing--20)\">\n<h3 class=\"wp-block-heading has-text-align-left is-style-default has-medium-font-size\" style=\"margin-top:0;margin-bottom:0;padding-top:0;padding-bottom:0\">Bernadette Prinz<\/h3>\n\n\n\n<p class=\"has-small-font-size\" style=\"margin-top:0;margin-bottom:var(--wp--preset--spacing--10);padding-top:0;padding-bottom:0;font-style:normal;font-weight:400\">Gr\u00fcnder &#8211; Immobilienmakler<\/p>\n\n\n\n<p class=\"has-ultrasmall-font-size\">0034 674 527 599<br>0049 173 96 229 72<br><a href=\"mailto:info@marbellahomestolove.com\">info@marbellahomestolove.com<\/a><\/p>\n<\/div>\n<\/div>\n\n\n\n<div class=\"wp-block-column is-layout-flow wp-block-column-is-layout-flow\">\n<article class=\"wp-block-cover is-light jaleo-team-member\" style=\"min-height:700px;aspect-ratio:unset;\"><img loading=\"lazy\" decoding=\"async\" width=\"476\" height=\"634\" class=\"wp-block-cover__image-background wp-image-5854 size-full\" alt=\"\" src=\"https:\/\/www.marbellahomestolove.com\/wp-content\/uploads\/2026\/01\/daniel-cropped.png\" style=\"object-position:49% 53%\" data-object-fit=\"cover\" data-object-position=\"49% 53%\"\/><span aria-hidden=\"true\" class=\"wp-block-cover__background has-background-dim-0 has-background-dim\" style=\"background-color:#948a86\"><\/span><div class=\"wp-block-cover__inner-container is-layout-flow wp-block-cover-is-layout-flow\">\n<p class=\"has-text-align-center has-large-font-size\"><\/p>\n<\/div><\/article>\n\n\n\n<div class=\"wp-block-group has-base-background-color has-background has-global-padding is-layout-constrained wp-container-core-group-is-layout-c8d2aeb8 wp-block-group-is-layout-constrained\" style=\"margin-top:0;margin-bottom:0;padding-top:var(--wp--preset--spacing--30);padding-right:var(--wp--preset--spacing--20);padding-bottom:var(--wp--preset--spacing--30);padding-left:var(--wp--preset--spacing--20)\">\n<h3 class=\"wp-block-heading has-text-align-left is-style-default has-medium-font-size\" style=\"margin-top:0;margin-bottom:0;padding-top:0;padding-bottom:0\">Daniel Gal\u00e1n<\/h3>\n\n\n\n<p class=\"has-small-font-size\" style=\"margin-top:0;margin-bottom:var(--wp--preset--spacing--10);padding-top:0;padding-bottom:0;font-style:normal;font-weight:400\">Immobilienmakler<\/p>\n\n\n\n<p class=\"has-ultrasmall-font-size\"><br>0034 633 017 083<br><a href=\"mailto:daniel@marbellahomestolove.com\">daniel@marbellahomestolove.com<\/a><\/p>\n<\/div>\n<\/div>\n\n\n\n<div class=\"wp-block-column is-layout-flow wp-block-column-is-layout-flow\">\n<article class=\"wp-block-cover is-light jaleo-team-member\" style=\"min-height:700px;aspect-ratio:unset;\"><img decoding=\"async\" class=\"wp-block-cover__image-background wp-image-5840 size-full\" alt=\"\" src=\"https:\/\/www.marbellahomestolove.com\/wp-content\/uploads\/2026\/01\/raisa-cropped-e1769432504960.jpg\" style=\"object-position:46% 48%\" data-object-fit=\"cover\" data-object-position=\"46% 48%\"\/><span aria-hidden=\"true\" class=\"wp-block-cover__background has-background-dim-0 has-background-dim\" style=\"background-color:#948a86\"><\/span><div class=\"wp-block-cover__inner-container is-layout-flow wp-block-cover-is-layout-flow\">\n<p class=\"has-text-align-center has-large-font-size\"><\/p>\n<\/div><\/article>\n\n\n\n<div class=\"wp-block-group has-base-background-color has-background has-global-padding is-layout-constrained wp-container-core-group-is-layout-c8d2aeb8 wp-block-group-is-layout-constrained\" style=\"margin-top:0;margin-bottom:0;padding-top:var(--wp--preset--spacing--30);padding-right:var(--wp--preset--spacing--20);padding-bottom:var(--wp--preset--spacing--30);padding-left:var(--wp--preset--spacing--20)\">\n<h3 class=\"wp-block-heading has-text-align-left is-style-default has-medium-font-size\" style=\"margin-top:0;margin-bottom:0;padding-top:0;padding-bottom:0\">RAISA HILKO<\/h3>\n\n\n\n<p class=\"has-small-font-size\" style=\"margin-top:0;margin-bottom:var(--wp--preset--spacing--10);padding-top:0;padding-bottom:0;font-style:normal;font-weight:400\">Immobilienmakler<\/p>\n\n\n\n<p class=\"has-ultrasmall-font-size\"><br>0034 659 206 093<br><a href=\"mailto:daniel@marbellahomestolove.com\"><\/a><a href=\"mailto:raisa@marbellahomestolove.com\">raisa@marbellahomestolove.com<\/a><\/p>\n<\/div>\n<\/div>\n<\/div>\n\n\n\n<div class=\"wp-block-columns alignwide jaleo-team-member-columns is-layout-flex wp-container-core-columns-is-layout-f8560250 wp-block-columns-is-layout-flex\" style=\"margin-top:0;padding-right:0;padding-left:0\">\n<div class=\"wp-block-column is-layout-flow wp-block-column-is-layout-flow\">\n<div class=\"wp-block-group has-base-background-color has-background has-global-padding is-layout-constrained wp-container-core-group-is-layout-c8d2aeb8 wp-block-group-is-layout-constrained\" style=\"margin-top:0;margin-bottom:0;padding-top:var(--wp--preset--spacing--30);padding-right:var(--wp--preset--spacing--20);padding-bottom:var(--wp--preset--spacing--30);padding-left:var(--wp--preset--spacing--20)\">\n<p class=\"has-text-align-left\"><\/p>\n\n\n\n<p class=\"has-ultrasmall-font-size\"><\/p>\n<\/div>\n<\/div>\n\n\n\n<div class=\"wp-block-column is-layout-flow wp-block-column-is-layout-flow\">\n<article class=\"wp-block-cover is-light jaleo-team-member\" style=\"min-height:700px;aspect-ratio:unset;\"><img decoding=\"async\" class=\"wp-block-cover__image-background wp-image-5868 size-full\" alt=\"\" src=\"https:\/\/www.marbellahomestolove.com\/wp-content\/uploads\/2026\/01\/dsc_7681-editar-scaled-e1769413319501.jpg\" style=\"object-position:33% 51%\" data-object-fit=\"cover\" data-object-position=\"33% 51%\"\/><span aria-hidden=\"true\" class=\"wp-block-cover__background has-background-dim-0 has-background-dim\" style=\"background-color:#948a86\"><\/span><div class=\"wp-block-cover__inner-container is-layout-flow wp-block-cover-is-layout-flow\">\n<p class=\"has-text-align-center has-large-font-size\"><\/p>\n<\/div><\/article>\n\n\n\n<div class=\"wp-block-group has-base-background-color has-background has-global-padding is-layout-constrained wp-container-core-group-is-layout-c8d2aeb8 wp-block-group-is-layout-constrained\" style=\"margin-top:0;margin-bottom:0;padding-top:var(--wp--preset--spacing--30);padding-right:var(--wp--preset--spacing--20);padding-bottom:var(--wp--preset--spacing--30);padding-left:var(--wp--preset--spacing--20)\">\n<h3 class=\"wp-block-heading has-text-align-left is-style-default has-medium-font-size\" style=\"margin-top:0;margin-bottom:0;padding-top:0;padding-bottom:0\">RICARDO RODILES<\/h3>\n\n\n\n<p class=\"has-small-font-size\" style=\"margin-top:0;margin-bottom:var(--wp--preset--spacing--10);padding-top:0;padding-bottom:0;font-style:normal;font-weight:400\">IT &amp; B\u00fcromanagement<\/p>\n\n\n\n<p class=\"has-ultrasmall-font-size\">0034 661 954 081<br><a href=\"mailto:ricardo@marbellahomestolove.com\">ricardo@marbellahomestolove.com<\/a><\/p>\n<\/div>\n<\/div>\n\n\n\n<div class=\"wp-block-column is-layout-flow wp-block-column-is-layout-flow\"><\/div>\n<\/div>\n<\/div>\n\n\n\n<section class=\"wp-block-group alignfull has-global-padding is-layout-constrained wp-block-group-is-layout-constrained\" style=\"margin-top:var(--wp--preset--spacing--50);margin-bottom:var(--wp--preset--spacing--60)\">\n<div class=\"wp-block-columns alignwide are-vertically-aligned-center is-layout-flex wp-container-core-columns-is-layout-28f84493 wp-block-columns-is-layout-flex\">\n<div class=\"wp-block-column is-vertically-aligned-center has-global-padding is-layout-constrained wp-block-column-is-layout-constrained\" style=\"flex-basis:50%\">\n<figure class=\"wp-block-image size-full is-style-default wp-duotone-unset-2\"><img loading=\"lazy\" decoding=\"async\" width=\"2560\" height=\"1536\" src=\"https:\/\/marbellahomestolove.com\/wp-content\/uploads\/2024\/03\/Shutterstock_3370476-1-scaled.jpg\" alt=\"\" class=\"wp-image-3008\" style=\"aspect-ratio:3\/4;object-fit:cover\" srcset=\"https:\/\/www.marbellahomestolove.com\/wp-content\/uploads\/2024\/03\/Shutterstock_3370476-1-scaled.jpg 2560w, https:\/\/www.marbellahomestolove.com\/wp-content\/uploads\/2024\/03\/Shutterstock_3370476-1-1024x615.jpg 1024w, https:\/\/www.marbellahomestolove.com\/wp-content\/uploads\/2024\/03\/Shutterstock_3370476-1-1920x1152.jpg 1920w, https:\/\/www.marbellahomestolove.com\/wp-content\/uploads\/2024\/03\/Shutterstock_3370476-1-768x461.jpg 768w, https:\/\/www.marbellahomestolove.com\/wp-content\/uploads\/2024\/03\/Shutterstock_3370476-1-1536x922.jpg 1536w, https:\/\/www.marbellahomestolove.com\/wp-content\/uploads\/2024\/03\/Shutterstock_3370476-1-2048x1229.jpg 2048w\" sizes=\"auto, (max-width: 2560px) 100vw, 2560px\" \/><\/figure>\n<\/div>\n\n\n\n<div class=\"wp-block-column is-vertically-aligned-center has-global-padding is-layout-constrained wp-block-column-is-layout-constrained\" style=\"flex-basis:50%\">\n<h2 class=\"wp-block-heading has-blue-velvet-color has-text-color has-link-color has-heading-font-family has-x-large-font-size wp-elements-409ba5d4c280f02044ff579593dad8cd\" style=\"text-transform:uppercase\">KONTAKTIEREN SIE UNS<\/h2>\n\n\n\n<p class=\"has-contrast-color has-text-color has-link-color has-heading-font-family wp-elements-2aad9e642c8f73e4e99b0c748cdefa06\" style=\"margin-bottom:var(--wp--preset--spacing--40)\">Wenn Sie Fragen oder Anregungen haben oder einfach nur mit uns in Kontakt treten m\u00f6chten, k\u00f6nnen Sie sich \u00fcber das folgende Kontaktformular an uns wenden.<\/p>\n\n\n<div id=\"wpb__style_container\" class=\"wpb__style_container wpb--container\"><form id=\"property_form\" class=\"wpb--property-form\" action=\"localhost\" method=\"POST\" data-contact=\"property_form\" data-lead-sent-ok=\"Ihre Nachricht wurde gesendet.\" data-sitekey=\"6LeCnBEpAAAAAIvG7R0t86GiltWtfDya0FeXVz4k\">\n\t<input type=\"hidden\" name=\"subject\" value=\"Kontakt von Property \/de\/wp-json\/wp\/v2\/pages\/3322\" \/>\n\t<input type=\"hidden\" name=\"g-recaptcha-response\" value=\"\" \/>\n\t<input name=\"source\" type=\"hidden\" value=\"www.marbellahomestolove.com\/de\/wp-json\/wp\/v2\/pages\/3322\"\/>\n\t\t\n\t<input name=\"name\" type=\"text\" autocomplete=\"off\" placeholder=\"Vollst\u00e4ndiger Name\" required data-error=\"Vollst\u00e4ndiger Name Erforderlich\" \/>\n\t<input name=\"email\" type=\"email\" autocomplete=\"off\" placeholder=\"E-Mail Adresse\" required data-error=\"E-Mail erforderlich\" \/>\n\t<input name=\"phone\" type=\"tel\" autocomplete=\"off\" placeholder=\"Telefon\" data-error=\"Phone numbers must have between 8 and 20 digits\" \/>\n\t<textarea name=\"comment\" rows=\"6\">Geben Sie Ihren Kommentar ein<\/textarea>\n\t\n\t<div class=\"wpb--custom-checkbox\">\n\t\t<input type=\"checkbox\" id=\"property_form-property_form-customCheck1\" name=\"privacy_policy\" required data-error=\"Erforderliches Feld\" \/>\n\t\t<label for=\"property_form-property_form-customCheck1\">Ich akzeptiere die <a href=\"https:\/\/www.marbellahomestolove.com\/privacy\" target=\"_blank\">Datenschutzbestimmungen<\/a><\/label>\n\t<\/div>\n\t<div class=\"wpb--custom-checkbox\">\n\t\t<input type=\"checkbox\" id=\"property_form-property_form-customCheck2\" name=\"commercial_information\" \/>\n\t\t<label for=\"property_form-property_form-customCheck2\">Ich bin damit einverstanden, Informationen per E-Mail zu erhalten<\/label>\n\t<\/div>\n\t<button data-ids=\"property_form\" data-lang=\"\" class=\"btn wpb--formbutton g-recaptcha\" type=\"submit\"><span id=\"text-send\">Senden An<\/span> <span id=\"spinner-send\"><\/span><\/button>\n\t<p id=\"result\" class=\"wpb--form-msg\"><\/p>\n<\/form>\n\t<script src=\"https:\/\/www.google.com\/recaptcha\/api.js?render=6LeCnBEpAAAAAIvG7R0t86GiltWtfDya0FeXVz4k&hl=\"><\/script>\n<\/div>\n<\/div>\n<\/div>\n<\/section>\n","protected":false},"excerpt":{"rendered":"<p>Ihre Immobilienexperten an der costa del sol Wir von Marbella Homes to Love sind mehr als nur ein Immobilienb\u00fcro \u2013 wir sind die Experten f\u00fcr Kauf und Verkauf hier im Herzen der Costa del Sol. Wir glauben fest an eine verantwortungsvolle Gesch\u00e4ftst\u00e4tigkeit, denn wir wissen, dass dies der Schl\u00fcssel zu langfristigem Erfolg und Kundenzufriedenheit ist. [&hellip;]<\/p>\n","protected":false},"author":5,"featured_media":0,"parent":0,"menu_order":0,"comment_status":"closed","ping_status":"closed","template":"solid-header","meta":{"_acf_changed":false,"footnotes":""},"class_list":["post-3322","page","type-page","status-publish","hentry"],"acf":[],"_links":{"self":[{"href":"https:\/\/www.marbellahomestolove.com\/de\/wp-json\/wp\/v2\/pages\/3322","targetHints":{"allow":["GET"]}}],"collection":[{"href":"https:\/\/www.marbellahomestolove.com\/de\/wp-json\/wp\/v2\/pages"}],"about":[{"href":"https:\/\/www.marbellahomestolove.com\/de\/wp-json\/wp\/v2\/types\/page"}],"author":[{"embeddable":true,"href":"https:\/\/www.marbellahomestolove.com\/de\/wp-json\/wp\/v2\/users\/5"}],"replies":[{"embeddable":true,"href":"https:\/\/www.marbellahomestolove.com\/de\/wp-json\/wp\/v2\/comments?post=3322"}],"version-history":[{"count":1,"href":"https:\/\/www.marbellahomestolove.com\/de\/wp-json\/wp\/v2\/pages\/3322\/revisions"}],"predecessor-version":[{"id":7047,"href":"https:\/\/www.marbellahomestolove.com\/de\/wp-json\/wp\/v2\/pages\/3322\/revisions\/7047"}],"wp:attachment":[{"href":"https:\/\/www.marbellahomestolove.com\/de\/wp-json\/wp\/v2\/media?parent=3322"}],"curies":[{"name":"wp","href":"https:\/\/api.w.org\/{rel}","templated":true}]}}